{"id":10262,"date":"2024-06-24T08:45:57","date_gmt":"2024-06-24T07:45:57","guid":{"rendered":"https:\/\/maisenerxia.com\/?page_id=10262"},"modified":"2024-06-25T17:15:25","modified_gmt":"2024-06-25T16:15:25","slug":"empresas-electrointensivas","status":"publish","type":"page","link":"https:\/\/maisenerxia.com\/gl\/empresas\/empresas-electrointensivas\/","title":{"rendered":"Empresas electrointensivas"},"content":{"rendered":"<div class=\"wpb-content-wrapper\">[vc_row gap=&#8221;0&#8243; content_placement=&#8221;bottom&#8221; element_id=&#8221;289084&#8243; element_css=&#8221;.vc-row-289084 .parallax-container {background-image:url(https:\/\/maisenerxia.com\/wp-content\/uploads\/Transformador.jpg);}&#8221; parallax=&#8221;true&#8221; css=&#8221;.vc_custom_1719215928835{padding-top: 20% !important;padding-bottom: 10% !important;background-position: center;background-repeat: no-repeat !important;background-size: cover !important;}&#8221; parallax_image=&#8221;6480&#8243;][vc_column animation_delay=&#8221;0&#8243; width=&#8221;1\/2&#8243; element_id=&#8221;392487&#8243; offset=&#8221;vc_col-lg-6 vc_col-md-6 vc_col-xs-6&#8243; crp=&#8221;374:i:i,375-767:i:i,768-1023:i:i,1024-1279:i:i,1280-1599:i:i,1600-1919:i:i&#8221;]<h1 class=\"et-heading text-align-left highlight-false\" id=\"et-heading-579029\" data-374-f=\"16\" data-374-lh=\"18\" data-375-767-f=\"18\" data-375-767-lh=\"22\" data-768-1023-f=\"23\" data-768-1023-lh=\"26\" data-1024-1279-f=\"40\" data-1024-1279-lh=\"48\"><span class=\"text-wrapper\"><span class=\"text\">Enerx\u00eda personalizada para empresas electrointensivas<\/span><span class=\"curtain\"><\/span><\/span><\/h1>[\/vc_column][vc_column width=&#8221;1\/2&#8243;][\/vc_column][\/vc_row][vc_row full_width=&#8221;stretch_row_content&#8221; element_id=&#8221;331575&#8243;][vc_column]<div class=\"et-separator et-clearfix animate-false solid left horizontal et-separator-365966\" data-delay=\"\"><div class=\"line\"><\/div><\/div>[\/vc_column][\/vc_row][vc_section][vc_row element_id=&#8221;950464&#8243; css=&#8221;.vc_custom_1719219801773{padding-top: 50px !important;}&#8221;][vc_column]<h2 class=\"et-heading text-align-center highlight-false\" id=\"et-heading-638345\" data-374-f=\"21\" data-374-lh=\"33\" data-375-767-f=\"30\" data-375-767-lh=\"38\"><span class=\"text-wrapper\"><span class=\"text\">Luz e gas ao servizo da t\u00faa empresa electrointensiva<\/span><span class=\"curtain\"><\/span><\/span><\/h2>[vc_column_text animation_delay=&#8221;0&#8243; css=&#8221;.vc_custom_1719215457325{padding-top: 15px !important;}&#8221;]\n<p style=\"text-align: justify;\">Se a t\u00faa empresa est\u00e1 clasificada como electrointensiva e demanda un consumo enerx\u00e9tico moi elevado, M\u00e1is Enerx\u00eda \u00e9 a t\u00faa empresa el\u00e9ctrica.<\/p>\n<p style=\"text-align: justify;\">Dada a s\u00faa elevada demanda enerx\u00e9tica, as empresas electrointensivas requiren soluci\u00f3ns a medida que lles permitan xestionar e optimizar o seu consumo de forma eficiente e sostible. En M\u00e1is Enerx\u00eda estamos especializados en ofrecer servizos enerx\u00e9ticos personalizados para satisfacer as necesidades \u00fanicas destas industrias.<\/p>\n[\/vc_column_text]<span class=\"et-gap et-clearfix et-gap-90318 hide1024-1279\"><\/span><h2 class=\"et-heading text-align-center highlight-false\" id=\"et-heading-44184\" ><span class=\"text-wrapper\"><span class=\"text\">Apoio nos retos enerx\u00e9ticos do teu negocio<\/span><span class=\"curtain\"><\/span><\/span><\/h2>[\/vc_column][\/vc_row][vc_row full_width=&#8221;stretch_row_content&#8221; equal_height=&#8221;yes&#8221; element_id=&#8221;91831&#8243; css=&#8221;.vc_custom_1719220322295{padding-top: 40px !important;padding-right: 5% !important;padding-bottom: 20px !important;padding-left: 5% !important;}&#8221;][vc_column animation_delay=&#8221;0&#8243; css_animation=&#8221;bounceIn&#8221; text_align=&#8221;center&#8221; element_id=&#8221;707943&#8243; css=&#8221;.vc_custom_1719222185270{padding-top: 10px !important;padding-right: 10px !important;padding-bottom: 10px !important;padding-left: 10px !important;}&#8221; crp=&#8221;374:i:i,375-767:i:i,768-1023:i:i,1024-1279:i:i,1280-1599:i:i,1600-1919:i:i&#8221; offset=&#8221;vc_col-lg-4 vc_col-md-12 vc_col-xs-12&#8243;]<h3 class=\"et-heading text-align-center highlight-false\" id=\"et-heading-192410\" ><span class=\"text-wrapper\"><span class=\"text\">Xesti\u00f3n de alto consumo enerx\u00e9tico<\/span><span class=\"curtain\"><\/span><\/span><\/h3>[vc_column_text animation_delay=&#8221;0&#8243; css=&#8221;.vc_custom_1719215511420{padding-top: 15px !important;}&#8221;]\n<p style=\"text-align: justify;\">O principal reto das empresas electrointensivas \u00e9 a xesti\u00f3n do seu elevado consumo enerx\u00e9tico. Os <strong>custos asociados ao consumo de electricidade e gas<\/strong> representan unha parte importante dos gastos operativos. Por iso, en M\u00e1is Enerx\u00eda contamos con estratexias e soluci\u00f3ns que nos permiten optimizar o uso da enerx\u00eda e reducir estes custos sen comprometer a produtividade empresarial.<\/p>\n[\/vc_column_text][\/vc_column][vc_column animation_delay=&#8221;100&#8243; css_animation=&#8221;bounceIn&#8221; text_align=&#8221;center&#8221; element_id=&#8221;938545&#8243; css=&#8221;.vc_custom_1719222195541{padding-top: 10px !important;padding-right: 10px !important;padding-bottom: 10px !important;padding-left: 10px !important;}&#8221; crp=&#8221;374:i:i,375-767:i:i,768-1023:i:i,1024-1279:i:i,1280-1599:i:i,1600-1919:i:i&#8221; offset=&#8221;vc_col-lg-4 vc_col-md-12 vc_col-xs-12&#8243;]<h3 class=\"et-heading text-align-center highlight-false\" id=\"et-heading-854035\" ><span class=\"text-wrapper\"><span class=\"text\">Volatilidade dos prezos da enerx\u00eda<\/span><span class=\"curtain\"><\/span><\/span><\/h3>[vc_column_text animation_delay=&#8221;0&#8243; css=&#8221;.vc_custom_1719215587755{padding-top: 15px !important;}&#8221;]\n<p style=\"text-align: justify;\">As flutuaci\u00f3ns no mercado enerx\u00e9tico poden afectar significativamente aos custos operativos das empresas electrointensivas. \u00c9 fundamental contar con soluci\u00f3ns a medida que axuden <strong>a estabilizar e garantir un subministro de enerx\u00eda fiable e previsible.<\/strong><\/p>\n[\/vc_column_text][\/vc_column][vc_column animation_delay=&#8221;200&#8243; css_animation=&#8221;bounceIn&#8221; text_align=&#8221;center&#8221; element_id=&#8221;304952&#8243; css=&#8221;.vc_custom_1719222204300{padding-top: 10px !important;padding-right: 10px !important;padding-bottom: 10px !important;padding-left: 10px !important;}&#8221; crp=&#8221;374:i:i,375-767:i:i,768-1023:i:i,1024-1279:i:i,1280-1599:i:i,1600-1919:i:i&#8221; offset=&#8221;vc_col-lg-4 vc_col-md-12 vc_col-xs-12&#8243;]<h3 class=\"et-heading text-align-center highlight-false\" id=\"et-heading-565966\" ><span class=\"text-wrapper\"><span class=\"text\">Importancia dunha soluci\u00f3n r\u00e1pida<\/span><span class=\"curtain\"><\/span><\/span><\/h3>[vc_column_text animation_delay=&#8221;0&#8243; css=&#8221;.vc_custom_1719215612405{padding-top: 15px !important;}&#8221;]\n<p style=\"text-align: justify;\">Se non hai enerx\u00eda, non hai negocio. En M\u00e1is Enerx\u00eda contamos cun servizo de <strong>resposta \u00e1xil e r\u00e1pida<\/strong> para empresas electrointensivas, no caso de que se produza alg\u00fan problema no subministro el\u00e9ctrico, xa que sabemos que un incidente no mesmo pode supor enormes perdas.<\/p>\n[\/vc_column_text][\/vc_column][\/vc_row][vc_row element_id=&#8221;166538&#8243; css=&#8221;.vc_custom_1719214723531{padding-bottom: 20px !important;background-color: #1c203f !important;}&#8221;][vc_column]<h2 class=\"et-heading text-align-center highlight-false\" id=\"et-heading-286910\" ><span class=\"text-wrapper\"><span class=\"text\">M\u00e1is soluci\u00f3ns enerx\u00e9ticas para empresas electrointensivas<\/span><span class=\"curtain\"><\/span><\/span><\/h2>[\/vc_column][\/vc_row][\/vc_section][vc_section css=&#8221;.vc_custom_1719216341621{background-color: #f4f4f4 !important;}&#8221;][vc_row gap=&#8221;0&#8243; element_id=&#8221;575893&#8243; css=&#8221;.vc_custom_1719216641791{padding-top: 48px !important;padding-bottom: 48px !important;}&#8221;][vc_column animation_delay=&#8221;0&#8243; width=&#8221;1\/2&#8243; element_id=&#8221;171369&#8243; crp=&#8221;374:0:0,375-767:0:0,768-1023:0:0,1024-1279:0:0,1280-1599:i:i,1600-1919:i:i&#8221;]<span class=\"et-gap et-clearfix et-gap-57437\"><\/span><div id=\"et-icon-box-container-405386\" class=\"columns-1 et-icon-box-container gap-true top\" data-animation=\"appear\"><div id=\"et-icon-box-404949\" class=\"et-icon-box vci icon-position-left icon-alignment-left animation-none large\" data-374-l=\"0\"  data-374-r=\"0\"  data-375-767-l=\"0\"  data-375-767-r=\"0\"  data-768-1023-l=\"0\"  data-768-1023-r=\"0\"  data-effect=\"none\"><div class=\"et-icon-box-inner et-clearfix large\"><div class=\"et-icon-content\"><p class=\"et-icon-box-content\"><span style=\"color: #222541;\"><br \/>\n<strong><br \/>\n<span style=\"font-size: 18pt;\">Tarifas enerx\u00e9ticas personalizadas<\/span><br \/>\n<\/strong><br \/>\n<\/span><\/p>\n<p style=\"text-align: justify;\"><span style=\"color: #222541;\">Entendemos que cada empresa electrointensiva ten necesidades espec\u00edficas en canto ao consumo de enerx\u00eda. Por iso, en M\u00e1is Enerx\u00eda ofrecemos <strong>tarifas el\u00e9ctricas para grandes empresas<\/strong> que se adaptan aos teus patr\u00f3ns de consumo. Os nosos expertos analizan o teu consumo enerx\u00e9tico para dese\u00f1ar unha tarifa que optimice os teus custos e proporcione estabilidade a longo prazo.<\/span><\/p>\n<\/p><\/div><\/div><\/div><div id=\"et-icon-box-404949\" class=\"et-icon-box vci icon-position-left icon-alignment-left animation-none large\" data-374-l=\"0\"  data-374-r=\"0\"  data-375-767-l=\"0\"  data-375-767-r=\"0\"  data-768-1023-l=\"0\"  data-768-1023-r=\"0\"  data-effect=\"none\"><div class=\"et-icon-box-inner et-clearfix large\"><div class=\"et-icon-content\"><p class=\"et-icon-box-content\"><span style=\"color: #222541;\"><br \/>\n<strong><br \/>\n<span style=\"font-size: 18pt;\">Acordos de compra de enerx\u00eda (PPA)<\/span><br \/>\n<\/strong><br \/>\n<\/span><\/p>\n<p style=\"text-align: justify;\"><span style=\"color: #222541;\">Os contratos de compra de enerx\u00eda el\u00e9ctrica (PPA) son <strong>contratos a longo prazo para a subministraci\u00f3n de electricidade a un prezo fixo.<\/strong> Estes acordos permiten \u00e1s empresas electrointensivas garantir un subministro de enerx\u00eda estable e previsible, protexendo contra a volatilidade do mercado. En M\u00e1is Enerx\u00eda ofrecemos PPAs especificamente dese\u00f1ados para satisfacer as demandas das empresas electrointensivas, garantindo a eficiencia e rendibilidade do teu negocio.<\/span><\/p>\n<\/p><\/div><\/div><\/div><\/div>[\/vc_column][vc_column animation_delay=&#8221;0&#8243; width=&#8221;1\/2&#8243; element_id=&#8221;345622&#8243; crp=&#8221;374:i:i,375-767:i:i,768-1023:i:i,1024-1279:i:i,1280-1599:i:i,1600-1919:i:i&#8221;]<span class=\"et-gap et-clearfix et-gap-57437\"><\/span><div id=\"et-icon-box-container-405386\" class=\"columns-1 et-icon-box-container gap-true top\" data-animation=\"appear\"><div id=\"et-icon-box-404949\" class=\"link et-icon-box vci icon-position-left icon-alignment-left animation-none large\" data-374-l=\"0\"  data-374-r=\"0\"  data-375-767-l=\"0\"  data-375-767-r=\"0\"  data-768-1023-l=\"0\"  data-768-1023-r=\"0\"  data-effect=\"none\"><a href=\"https:\/\/maisenerxia.com\/gl\/autoconsumo\/\"><div class=\"et-icon-box-inner et-clearfix large\"><div class=\"et-icon-content\"><p class=\"et-icon-box-content\"><span style=\"color: #222541;\"><br \/>\n<strong><br \/>\n<span style=\"font-size: 18pt;\">Soluci\u00f3ns de enerx\u00edas renovables<\/span><br \/>\n<\/strong><br \/>\n<\/span><\/p>\n<p style=\"text-align: justify;\"><span style=\"color: #222541;\">A integraci\u00f3n de fontes de enerx\u00eda renovables \u00e9 fundamental para <strong>mellorar a sustentabilidade e reducir a dependencia dos combustibles f\u00f3siles<\/strong> . Ofrecemos soluci\u00f3ns de enerx\u00edas renovables adaptadas \u00e1s necesidades das empresas electrointensivas, como o autoconsumo con placas solares. Estas soluci\u00f3ns non s\u00f3 reducen a s\u00faa pegada de carbono, sen\u00f3n que tam\u00e9n poden supo\u00f1er un aforro significativo nos seus custos enerx\u00e9ticos.<\/span><\/p>\n<\/p><\/div><\/div><\/a><\/div><div id=\"et-icon-box-404949\" class=\"et-icon-box vci icon-position-left icon-alignment-left animation-none large\" data-374-l=\"0\"  data-374-r=\"0\"  data-375-767-l=\"0\"  data-375-767-r=\"0\"  data-768-1023-l=\"0\"  data-768-1023-r=\"0\"  data-effect=\"none\"><div class=\"et-icon-box-inner et-clearfix large\"><div class=\"et-icon-content\"><p class=\"et-icon-box-content\"><span style=\"color: #222541;\"><br \/>\n<strong><br \/>\n<span style=\"font-size: 18pt;\">Asesoramento en eficiencia enerx\u00e9tica<\/span><br \/>\n<\/strong><br \/>\n<\/span><\/p>\n<p style=\"text-align: justify;\"><span style=\"color: #222541;\">En M\u00e1is Enerx\u00eda ofrecemos asesoramento especializado en eficiencia enerx\u00e9tica. Realizamos auditor\u00edas enerx\u00e9ticas detalladas para identificar oportunidades de mellora e axud\u00e1mosche <strong>a implementar medidas que optimicen o teu consumo enerx\u00e9tico<\/strong> . O noso obxectivo \u00e9 maximizar o seu aforro e mellorar a sustentabilidade das s\u00faas operaci\u00f3ns.<\/span><\/p>\n<\/p><\/div><\/div><\/div><\/div>[\/vc_column][\/vc_row][\/vc_section][vc_row full_width=&#8221;stretch_row_content&#8221; gap=&#8221;0&#8243; content_placement=&#8221;middle&#8221; element_id=&#8221;499100&#8243; element_css=&#8221;.vc-row-64960 .bottom-gradient {background:linear-gradient(to top, #1c203f 0%,rgba(255,255,255,0) 100%);}&#8221; css=&#8221;.vc_custom_1719221827178{background-color: #222541 !important;}&#8221;][vc_column animation_delay=&#8221;0&#8243; css_animation=&#8221;fadeIn&#8221; element_id=&#8221;634361&#8243; offset=&#8221;vc_col-lg-7 vc_col-xs-12&#8243; crp=&#8221;374:i:i,375-767:i:i,768-1023:i:i,1024-1279:i:i,1280-1599:i:i,1600-1919:i:i&#8221;]<div id=\"et-video-1\" class=\"et-video post-video post-media\"><div class=\"image-container\"><img loading=\"lazy\" decoding=\"async\" class=\"lazy\" alt=\"M\u00e1is Enerxia Galega\" src=\"https:\/\/maisenerxia.com\/wp-content\/themes\/textron\/images\/icons\/image_placeholder.svg\" width=\"1920\" height=\"1080\" data-src=\"https:\/\/maisenerxia.com\/wp-content\/uploads\/Acteco.webp\"    \/><svg class=\"placeholder\" viewBox=\"0 0 20 4\"><circle cx=\"2\" cy=\"2\" r=\"2\" \/><circle cx=\"10\" cy=\"2\" r=\"2\" \/><circle cx=\"18\" cy=\"2\" r=\"2\" \/><\/svg><a href=\"#\" class=\"video-btn\"><svg viewBox=\"0 0 512 512\"><path class=\"back\" d=\"M512,256c0,141.38-114.62,256-256,256S0,397.38,0,256,114.62,0,256,0,512,114.62,512,256Z\" \/><path class=\"play\" d=\"M346.89,261.61,205.11,350c-4.76,3-11.11-.24-11.11-5.61V167.62c0-5.37,6.35-8.57,11.11-5.61l141.78,88.38A6.61,6.61,0,0,1,346.89,261.61Z\"\/><\/svg><\/a><\/div><iframe allowfullscreen=\"allowfullscreen\" allow=\"autoplay\" frameBorder=\"0\" src=\"https:\/\/www.youtube.com\/embed\/8xFl6NKwfJw\" class=\"iframevideo video-element\"><\/iframe><\/div>[\/vc_column][vc_column animation_delay=&#8221;0&#8243; element_id=&#8221;776191&#8243; offset=&#8221;vc_col-lg-5 vc_col-xs-12&#8243; crp=&#8221;374:5:10,375-767:5:10,768-1023:5:10,1024-1279:5:10,1280-1599:5:10,1600-1919:5:10&#8243; css=&#8221;.vc_custom_1719222079923{padding-top: 30px !important;padding-right: 48px !important;padding-bottom: 30px !important;padding-left: 48px !important;}&#8221;][vc_column_text animation_delay=&#8221;0&#8243; css=&#8221;&#8221;]\n<p style=\"font-size: 1em; line-height: 1.8em; color: #222541; text-align: justify;\"><span style=\"color: #ffffff; font-size: 18pt;\">Ofrecemos soluci\u00f3ns adaptadas a <span style=\"color: #d0674e;\">empresas e industrias electrointensivas<\/span> , con consumo enerx\u00e9tico. Descubre diferentes testemu\u00f1os dos nosos clientes para co\u00f1ecer mellor o servizo que ofrece M\u00e1is Enerx\u00eda.<\/span><\/p>\n<p style=\"font-size: 1em; line-height: 1.8em; color: #222541; text-align: justify;\"><span style=\"color: #ffffff; font-size: 18pt;\">Se est\u00e1s interesado en optimizar o consumo enerx\u00e9tico da t\u00faa empresa electrointensiva e mellorar a s\u00faa eficiencia, non dubides en po\u00f1erte en contacto connosco para que poidamos asesorarte de forma personalizada. En M\u00e1is Enerx\u00eda queremos axudarche a acadar os teus obxectivos de sustentabilidade e eficiencia enerx\u00e9tica.<\/span><\/p>\n[\/vc_column_text][\/vc_column][\/vc_row]\n<\/div>","protected":false},"excerpt":{"rendered":"<p>[vc_row gap=&#8221;0&#8243; content_placement=&#8221;bottom&#8221; element_id=&#8221;289084&#8243; element_css=&#8221;.vc-row-289084 .parallax-container {background-image:url(https:\/\/maisenerxia.com\/wp-content\/uploads\/Transformador.jpg);}&#8221; parallax=&#8221;true&#8221; css=&#8221;.vc_custom_1719215928835{padding-top: 20% !important;padding-bottom: 10% !important;background-position: center;background-repeat: no-repeat !important;background-size: cover !important;}&#8221; parallax_image=&#8221;6480&#8243;][vc_column animation_delay=&#8221;0&#8243; width=&#8221;1\/2&#8243; element_id=&#8221;392487&#8243; offset=&#8221;vc_col-lg-6 vc_col-md-6 vc_col-xs-6&#8243; crp=&#8221;374:i:i,375-767:i:i,768-1023:i:i,1024-1279:i:i,1280-1599:i:i,1600-1919:i:i&#8221;][\/vc_column][vc_column width=&#8221;1\/2&#8243;][\/vc_column][\/vc_row][vc_row full_width=&#8221;stretch_row_content&#8221; element_id=&#8221;331575&#8243;][vc_column][\/vc_column][\/vc_row][vc_section][vc_row element_id=&#8221;950464&#8243; css=&#8221;.vc_custom_1719219801773{padding-top: 50px !important;}&#8221;][vc_column][vc_column_text animation_delay=&#8221;0&#8243; css=&#8221;.vc_custom_1719215457325{padding-top: 15px !important;}&#8221;] Se a t\u00faa empresa est\u00e1 clasificada como electrointensiva e demanda un consumo enerx\u00e9tico moi elevado, M\u00e1is Enerx\u00eda \u00e9 [&hellip;]<\/p>\n","protected":false},"author":1,"featured_media":0,"parent":7383,"menu_order":0,"comment_status":"closed","ping_status":"closed","template":"page-vc.php","meta":{"footnotes":""},"class_list":["post-10262","page","type-page","status-publish","hentry"],"_links":{"self":[{"href":"https:\/\/maisenerxia.com\/gl\/wp-json\/wp\/v2\/pages\/10262","targetHints":{"allow":["GET"]}}],"collection":[{"href":"https:\/\/maisenerxia.com\/gl\/wp-json\/wp\/v2\/pages"}],"about":[{"href":"https:\/\/maisenerxia.com\/gl\/wp-json\/wp\/v2\/types\/page"}],"author":[{"embeddable":true,"href":"https:\/\/maisenerxia.com\/gl\/wp-json\/wp\/v2\/users\/1"}],"replies":[{"embeddable":true,"href":"https:\/\/maisenerxia.com\/gl\/wp-json\/wp\/v2\/comments?post=10262"}],"version-history":[{"count":8,"href":"https:\/\/maisenerxia.com\/gl\/wp-json\/wp\/v2\/pages\/10262\/revisions"}],"predecessor-version":[{"id":10406,"href":"https:\/\/maisenerxia.com\/gl\/wp-json\/wp\/v2\/pages\/10262\/revisions\/10406"}],"up":[{"embeddable":true,"href":"https:\/\/maisenerxia.com\/gl\/wp-json\/wp\/v2\/pages\/7383"}],"wp:attachment":[{"href":"https:\/\/maisenerxia.com\/gl\/wp-json\/wp\/v2\/media?parent=10262"}],"curies":[{"name":"wp","href":"https:\/\/api.w.org\/{rel}","templated":true}]}}