{"id":7393,"date":"2024-01-30T13:30:41","date_gmt":"2024-01-30T12:30:41","guid":{"rendered":"https:\/\/maisenerxia.com\/aviso-legal\/"},"modified":"2026-03-09T12:27:34","modified_gmt":"2026-03-09T11:27:34","slug":"aviso-legal","status":"publish","type":"page","link":"https:\/\/maisenerxia.com\/gl\/aviso-legal\/","title":{"rendered":"Aviso legal"},"content":{"rendered":"<div class=\"wpb-content-wrapper\">[vc_row element_id=&#8221;755358&#8243; css=&#8221;.vc_custom_1707492255812{margin-top: 3% !important;margin-bottom: 70px !important;}&#8221;][vc_column]<h1 class=\"et-heading text-align-center highlight-false\" id=\"et-heading-689600\" data-374-f=\"21\" data-374-lh=\"33\" data-375-767-f=\"30\" data-375-767-lh=\"38\"><span class=\"text-wrapper\"><span class=\"text\">Aviso legal<\/span><span class=\"curtain\"><\/span><\/span><\/h1>[vc_column_text animation_delay=&#8221;0&#8243; css=&#8221;.vc_custom_1773055651233{padding-top: 20px !important;}&#8221;]\n<h2 style=\"text-align: justify;\">1. LEI DE SERVIZOS DA SOCIEDADE DA INFORMACI\u00d3N E DE COMERCIO ELECTR\u00d3NICO<\/h2>\n<p style=\"text-align: justify;\">En cumprimento do disposto no art. 10 da Lei 34\/2002, do 11 de xullo, de Servizos da Sociedade da Informaci\u00f3n e de Comercio Electr\u00f3nico (L.S.S.I.-CE), faise p\u00fablica a seguinte informaci\u00f3n:<\/p>\n<p style=\"text-align: justify;\">O dominio www.maisenerxia.com (en diante, o &#8220;Sitio Web&#8221;) est\u00e1 rexistrado a nome de <strong>ENERXIA GALEGA MAIS, S.L.<\/strong> (en diante, &#8220;O TITULAR&#8221;), con domicilio fiscal en Vilar 7, 27790 \u2013 Barreiros (Lugo).<\/p>\n<ul>\n<li><strong>C.I.F.:<\/strong> B27266279<\/li>\n<li><strong>Datos Rexistrais:<\/strong> Inscrita no Rexistro Mercantil de Lugo, Tomo 335, Folio 120, Folla LU-7607.<\/li>\n<li><strong>Autorizaci\u00f3n Administrativa:<\/strong> Empresa comercializadora de enerx\u00eda el\u00e9ctrica rexistrada na listaxe da Comisi\u00f3n Nacional dos Mercados e a Competencia (CNMC) co n\u00famero de rexistro 0973.<\/li>\n<li><b>Contacto:<\/b> lopddereitos@maisenerxia.com<\/li>\n<\/ul>\n<h2 style=\"text-align: justify;\">2. CONDICI\u00d3NS DE USO<\/h2>\n<div class=\"container-fluid my-3 py-3\">\n<div class=\"row\">\n<div class=\"col-12\">\n<p style=\"text-align: justify;\"><b>I.- USUARIOS\/AS:<\/b> O acceso e\/o uso do Sitio web atrib\u00fae a condici\u00f3n de usuario\/a, aceptando, desde este momento, plenamente e sen reserva algunha, as presentes condici\u00f3ns xerais.<\/p>\n<p style=\"text-align: justify;\"><b>II.- USO DEL SITIO WEB:<\/b> O\/a usuario\/a comprom\u00e9tese a utilizar o Sitio web, os seus servizos e contidos sen contravir a lexislaci\u00f3n vixente, a boa fe e a orde p\u00fablica. Queda prohibido o uso da Web con fins il\u00edcitos ou lesivos contra O TITULAR ou calquera terceiro. Respecto dos contidos (informaci\u00f3ns, textos, gr\u00e1ficos, son\/imaxe), proh\u00edbese:<\/p>\n<ul style=\"text-align: justify;\">\n<li aria-level=\"1\">A s\u00faa reproduci\u00f3n ou distribuci\u00f3n, salvo autorizaci\u00f3n expresa.<\/li>\n<li aria-level=\"1\">Calquera vulneraci\u00f3n dos dereitos de propiedade intelectual do TITULAR.<\/li>\n<li aria-level=\"1\">A s\u00faa utilizaci\u00f3n para fins comerciais ou publicitarios distintos dos permitidos.<\/li>\n<\/ul>\n<p style=\"text-align: left;\"><b>III.- MODIFICACI\u00d3N UNILATERAL:<\/b> O TITULAR res\u00e9rvase o dereito de modificar, en calquera momento e sen aviso previo\/previo aviso, a estrutura e dese\u00f1o do Sitio web, as\u00ed como as condici\u00f3ns de acceso. As modificaci\u00f3ns ser\u00e1n publicadas de forma visible no Sitio web.<\/p>\n<p style=\"text-align: justify;\"><b>IV.- HIPERENLACES:<\/b> O establecemento de hiperenlaces cara a este Sitio web non implica a existencia de relaci\u00f3ns entre O TITULAR e o propietario da p\u00e1xina web de orixe, nin a aceptaci\u00f3n dos seus contidos.<\/p>\n<h2 style=\"text-align: JUSITY;\">3. EXCLUSI\u00d3N DE GARANT\u00cdAS E RESPONSABILIDADE<\/h2>\n<p style=\"text-align: justify;\">O TITULAR non se responsabiliza dos danos e prexu\u00edzos derivados de:<\/p>\n<ul style=\"text-align: justify;\">\n<li style=\"text-align: justify;\" aria-level=\"1\">A falta de dispo\u00f1ibilidade, mantemento ou efectivo funcionamento da Web.<\/li>\n<li style=\"text-align: justify;\" aria-level=\"1\">A existencia de virus ou programas maliciosos nos contidos.<\/li>\n<li style=\"text-align: justify;\" aria-level=\"1\">O uso il\u00edcito, neglixente ou fraudulento do Sitio web por parte dos usuarios.<\/li>\n<li style=\"text-align: justify;\" aria-level=\"1\">A falta de licitud ou fiabilidade dos servizos prestados por terceiros a trav\u00e9s do Sitio web.<\/li>\n<\/ul>\n<h2 style=\"text-align: justify;\">4. PROTECCI\u00d3N DE DATOS E COMUNICACI\u00d3NS COMERCIAIS<\/h2>\n<p style=\"text-align: justify;\"><b>I.- PRIVACIDADE:<\/b> Os datos persoais solicitados a trav\u00e9s deste Sitio web ser\u00e1n tratados conforme ao disposto no Regulamento (UE) 2016\/679 (RGPD) e a LOPDGDD 3\/2018. Para m\u00e1is informaci\u00f3n, consulte nosa <a href=\"https:\/\/maisenerxia.com\/gl\/politica-de-privacidade\/\"><b>Pol\u00edtica de Privacidade<\/b><\/a>.<\/p>\n<p style=\"text-align: justify;\"><b>II.- COMUNICACIONES COMERCIALES (Art. 21 LSSI):<\/b> De conformidade coa Lei 34\/2002, gar\u00e1ntese ao usuario a posibilidade de opo\u00f1erse ou deixar de recibir informaci\u00f3n comercial. Para iso, pode comunicar a s\u00faa vontade de revogaci\u00f3n en calquera momento mediante correo electr\u00f3nico a <b>lopddereitos@maisenerxia.com<\/b>. A solicitude ser\u00e1 xestionada nun prazo m\u00e1ximo dun mes.<\/p>\n<h2 style=\"text-align: justify;\">4. LEXISLACI\u00d3N APLICABLE E XURISDICI\u00d3N<\/h2>\n<p style=\"text-align: justify;\">As presentes Condici\u00f3ns Xerais rexeranse pola lexislaci\u00f3n espa\u00f1ola.<\/p>\n<p style=\"text-align: justify;\">ENERXIA GALEGA MAIS, S.L. e o usuario\/a, con renuncia expresa a calquera outro foro, som\u00e9tense \u00e1 Xurisdici\u00f3n dos <b>Xulgados e Tribunais do domicilio da persoa usuaria<\/b> <b>Mondo\u00f1edo\/Barreiros (Lugo)<\/b>.<\/p>\n<\/div>\n<\/div>\n<\/div>\n[\/vc_column_text][\/vc_column][\/vc_row]\n<\/div>","protected":false},"excerpt":{"rendered":"<p>[vc_row element_id=&#8221;755358&#8243; css=&#8221;.vc_custom_1707492255812{margin-top: 3% !important;margin-bottom: 70px !important;}&#8221;][vc_column][vc_column_text animation_delay=&#8221;0&#8243; css=&#8221;.vc_custom_1773055651233{padding-top: 20px !important;}&#8221;] 1. LEI DE SERVIZOS DA SOCIEDADE DA INFORMACI\u00d3N E DE COMERCIO ELECTR\u00d3NICO En cumprimento do disposto no art. 10 da Lei 34\/2002, do 11 de xullo, de Servizos da Sociedade da Informaci\u00f3n e de Comercio Electr\u00f3nico (L.S.S.I.-CE), faise p\u00fablica a seguinte informaci\u00f3n: O dominio [&hellip;]<\/p>\n","protected":false},"author":1,"featured_media":0,"parent":0,"menu_order":0,"comment_status":"closed","ping_status":"closed","template":"page-vc.php","meta":{"footnotes":""},"class_list":["post-7393","page","type-page","status-publish","hentry"],"_links":{"self":[{"href":"https:\/\/maisenerxia.com\/gl\/wp-json\/wp\/v2\/pages\/7393","targetHints":{"allow":["GET"]}}],"collection":[{"href":"https:\/\/maisenerxia.com\/gl\/wp-json\/wp\/v2\/pages"}],"about":[{"href":"https:\/\/maisenerxia.com\/gl\/wp-json\/wp\/v2\/types\/page"}],"author":[{"embeddable":true,"href":"https:\/\/maisenerxia.com\/gl\/wp-json\/wp\/v2\/users\/1"}],"replies":[{"embeddable":true,"href":"https:\/\/maisenerxia.com\/gl\/wp-json\/wp\/v2\/comments?post=7393"}],"version-history":[{"count":11,"href":"https:\/\/maisenerxia.com\/gl\/wp-json\/wp\/v2\/pages\/7393\/revisions"}],"predecessor-version":[{"id":13856,"href":"https:\/\/maisenerxia.com\/gl\/wp-json\/wp\/v2\/pages\/7393\/revisions\/13856"}],"wp:attachment":[{"href":"https:\/\/maisenerxia.com\/gl\/wp-json\/wp\/v2\/media?parent=7393"}],"curies":[{"name":"wp","href":"https:\/\/api.w.org\/{rel}","templated":true}]}}