{"id":7428,"date":"2024-01-15T16:00:22","date_gmt":"2024-01-15T15:00:22","guid":{"rendered":"https:\/\/maisenerxia.com\/contratar\/contratar-autoconsumo\/"},"modified":"2025-10-27T13:17:04","modified_gmt":"2025-10-27T12:17:04","slug":"contratar-autoconsumo","status":"publish","type":"page","link":"https:\/\/maisenerxia.com\/gl\/contratar\/contratar-autoconsumo\/","title":{"rendered":"Contratar Autoconsumo"},"content":{"rendered":"<div class=\"wpb-content-wrapper\">[vc_section content_placement=&#8221;top&#8221; css=&#8221;.vc_custom_1707493283798{margin-top: 4% !important;background-image: url(https:\/\/maisenerxia.com\/wp-content\/uploads\/Marca-Mas.svg?id=4676) !important;background-position: center !important;background-repeat: no-repeat !important;background-size: cover !important;}&#8221;][vc_row element_id=&#8221;498234&#8243; css=&#8221;.vc_custom_1703852266776{background-position: center !important;background-repeat: no-repeat !important;background-size: cover !important;}&#8221;][vc_column]<h1 class=\"et-heading text-align-center highlight-false\" id=\"et-heading-930405\" data-374-f=\"21\" data-374-lh=\"33\" data-375-767-f=\"30\" data-375-767-lh=\"38\"><span class=\"text-wrapper\"><span class=\"text\">Solicita hoxe: Autoconsumo I Bater\u00eda Virtual<\/span><span class=\"curtain\"><\/span><\/span><\/h1><span class=\"et-gap et-clearfix et-gap-449715\"><\/span><div id=\"et-icon-box-container-883487\" class=\"columns-2 et-icon-box-container gap-true shadow top\" data-animation=\"none\"><div id=\"et-icon-box-548669\" class=\"link et-icon-box vci icon-position-top icon-alignment-center animation-transform large shadow\" data-color=\"#ffffff\" data-effect=\"transform\"><a href=\"https:\/\/maisenerxia.com\/gl\/contratar\/contratar-autoconsumo\/clientes-habituais-de-autoconsumo\/\"><div class=\"et-icon-box-inner et-clearfix large\"><div class=\"et-icon-content\"><p class=\"et-icon-box-content\"><span style=\"color: #d0674e;\"><strong><img loading=\"lazy\" decoding=\"async\" class=\"alignnone size-medium wp-image-4677 aligncenter\" role=\"img\" src=\"https:\/\/maisenerxia.com\/wp-content\/uploads\/placas.svg\" alt=\"\" width=\"70\" height=\"70\" \/><\/strong><\/span><\/p>\n<p style=\"text-align: center;\"><span style=\"color: #d0674e;\"><strong>CLIENTE HABITUAL?<\/strong><\/span><br \/>\nSe xa formas parte da nosa comunidade, activa o autoconsumo cunha compensaci\u00f3n simplificada para potenciar o teu aforro. Solicita agora e experimenta un novo nivel de eficiencia enerx\u00e9tica.<\/p>\n<\/p><\/div><\/div><\/a><\/div><div id=\"et-icon-box-276726\" class=\"link et-icon-box vci icon-position-top icon-alignment-center animation-transform large shadow\" data-color=\"#ffffff\" data-effect=\"transform\"><a href=\"https:\/\/maisenerxia.com\/gl\/contratar\/luz\/\"><div class=\"et-icon-box-inner et-clearfix large\"><div class=\"et-icon-content\"><p class=\"et-icon-box-content\"><span style=\"color: #d0674e;\"><strong><img loading=\"lazy\" decoding=\"async\" class=\"alignnone size-medium wp-image-9856 aligncenter\" role=\"img\" src=\"https:\/\/maisenerxia.com\/wp-content\/uploads\/panel.svg\" alt=\"\" width=\"70\" height=\"70\" \/><\/strong><\/span><\/p>\n<p style=\"text-align: center;\"><span style=\"color: #d0674e;\"><strong>NOVO CLIENTE?<\/strong><\/span><br \/>\nSe est\u00e1s a explorar novas posibilidades, elixe unha das nosas tarifas el\u00e9ctricas e activa o autoconsumo con compensaci\u00f3n simplificada.<\/p><\/div><\/div><\/a><\/div><\/div><span class=\"et-gap et-clearfix et-gap-449715\"><\/span><span class=\"et-gap et-clearfix et-gap-449715\"><\/span><span class=\"et-gap et-clearfix et-gap-449715\"><\/span>[\/vc_column][\/vc_row][\/vc_section]\n<\/div>","protected":false},"excerpt":{"rendered":"<p>[vc_section content_placement=&#8221;top&#8221; css=&#8221;.vc_custom_1707493283798{margin-top: 4% !important;background-image: url(https:\/\/maisenerxia.com\/wp-content\/uploads\/Marca-Mas.svg?id=4676) !important;background-position: center !important;background-repeat: no-repeat !important;background-size: cover !important;}&#8221;][vc_row element_id=&#8221;498234&#8243; css=&#8221;.vc_custom_1703852266776{background-position: center !important;background-repeat: no-repeat !important;background-size: cover !important;}&#8221;][vc_column][\/vc_column][\/vc_row][\/vc_section]<\/p>\n","protected":false},"author":1,"featured_media":0,"parent":7425,"menu_order":0,"comment_status":"closed","ping_status":"closed","template":"page-vc.php","meta":{"footnotes":""},"class_list":["post-7428","page","type-page","status-publish","hentry"],"_links":{"self":[{"href":"https:\/\/maisenerxia.com\/gl\/wp-json\/wp\/v2\/pages\/7428","targetHints":{"allow":["GET"]}}],"collection":[{"href":"https:\/\/maisenerxia.com\/gl\/wp-json\/wp\/v2\/pages"}],"about":[{"href":"https:\/\/maisenerxia.com\/gl\/wp-json\/wp\/v2\/types\/page"}],"author":[{"embeddable":true,"href":"https:\/\/maisenerxia.com\/gl\/wp-json\/wp\/v2\/users\/1"}],"replies":[{"embeddable":true,"href":"https:\/\/maisenerxia.com\/gl\/wp-json\/wp\/v2\/comments?post=7428"}],"version-history":[{"count":6,"href":"https:\/\/maisenerxia.com\/gl\/wp-json\/wp\/v2\/pages\/7428\/revisions"}],"predecessor-version":[{"id":9859,"href":"https:\/\/maisenerxia.com\/gl\/wp-json\/wp\/v2\/pages\/7428\/revisions\/9859"}],"up":[{"embeddable":true,"href":"https:\/\/maisenerxia.com\/gl\/wp-json\/wp\/v2\/pages\/7425"}],"wp:attachment":[{"href":"https:\/\/maisenerxia.com\/gl\/wp-json\/wp\/v2\/media?parent=7428"}],"curies":[{"name":"wp","href":"https:\/\/api.w.org\/{rel}","templated":true}]}}