{"id":7614,"date":"2024-01-23T10:58:40","date_gmt":"2024-01-23T09:58:40","guid":{"rendered":"https:\/\/maisenerxia.com\/empresas\/sobre-nos\/"},"modified":"2024-04-01T10:45:01","modified_gmt":"2024-04-01T09:45:01","slug":"sobre-nos","status":"publish","type":"page","link":"https:\/\/maisenerxia.com\/gl\/empresas\/sobre-nos\/","title":{"rendered":"Sobre n\u00f3s"},"content":{"rendered":"<div class=\"wpb-content-wrapper\">[vc_section full_height=&#8221;yes&#8221; content_placement=&#8221;middle&#8221; css=&#8221;.vc_custom_1708509913183{background-image: url(https:\/\/maisenerxia.com\/wp-content\/uploads\/Faro-Blanco-Y-Negro.jpg?id=6912) !important;background-position: center !important;background-repeat: no-repeat !important;background-size: cover !important;}&#8221;][vc_row][vc_column animation_delay=&#8221;0&#8243; width=&#8221;1\/2&#8243; element_id=&#8221;53394&#8243; css=&#8221;.vc_custom_1708509941112{padding-top: 18% !important;}&#8221; crp=&#8221;374:i:i,375-767:i:i,768-1023:i:i,1024-1279:i:i,1280-1599:i:i,1600-1919:i:i&#8221;]<h1 class=\"et-heading text-align-left highlight-false\" id=\"et-heading-126320\" data-374-f=\"20\" data-374-lh=\"25\" data-375-767-f=\"25\" data-375-767-lh=\"30\" data-768-1023-f=\"32\" data-768-1023-lh=\"37\" data-1024-1279-f=\"45\" data-1024-1279-lh=\"50\"><span class=\"text-wrapper\"><span class=\"text\">Onde a Enerx\u00eda<span class=\"et-gap et-clearfix et-gap-1\"><\/span> Se Converte<span class=\"et-gap et-clearfix et-gap-1\"><\/span> En Oportunidade<\/span><span class=\"curtain\"><\/span><\/span><\/h1>[\/vc_column][vc_column width=&#8221;1\/2&#8243;][\/vc_column][\/vc_row][\/vc_section][vc_row element_id=&#8221;414643&#8243; css=&#8221;.vc_custom_1703751939726{padding-top: 48px !important;padding-bottom: 48px !important;}&#8221;][vc_column animation_delay=&#8221;0&#8243; css_animation=&#8221;none&#8221; element_id=&#8221;899220&#8243; crp=&#8221;374:0:0,375-767:0:0,768-1023:0:0,1024-1279:0:0,1280-1599:i:i,1600-1919:i:i&#8221; offset=&#8221;vc_col-lg-12 vc_col-md-12 vc_col-xs-12&#8243; css=&#8221;.vc_custom_1703751948791{padding-right: 0px !important;padding-left: 0px !important;}&#8221;]<h2 class=\"et-heading text-align-center highlight-false\" id=\"et-heading-486494\" data-374-f=\"21\" data-374-lh=\"33\" data-375-767-f=\"30\" data-375-767-lh=\"38\"><span class=\"text-wrapper\"><span class=\"text\">A nosa traxectoria:<span class=\"et-gap et-clearfix et-gap-1\"><\/span> <span style=\"color: #d0674e;\">M\u00e1is<\/span> que unha Comercializadora de enerx\u00eda<\/span><span class=\"curtain\"><\/span><\/span><\/h2><span class=\"et-gap et-clearfix et-gap-244056 hide767\"><\/span><span class=\"et-gap et-clearfix et-gap-211961 hide768\"><\/span>[vc_column_text animation_delay=&#8221;600&#8243; css_animation=&#8221;right-to-left&#8221;]\n<p style=\"font-size: 20px; line-height: 32px; text-align: justify;\">M\u00e1is Enerx\u00eda Galega sit\u00faase entre as 70 primeiras empresas en comercializaci\u00f3n enerx\u00e9tica, destacando entre os m\u00e1is de 500 competidores do sector. Con sede estrat\u00e9xica en Vigo, Galicia, estamos orgullosos de liderar o \u00e1mbito galego e ocupar esta posici\u00f3n a nivel nacional.<\/p>\n[\/vc_column_text]<span class=\"et-gap et-clearfix et-gap-87451 hide767\"><\/span>[\/vc_column][\/vc_row][vc_row element_id=&#8221;768574&#8243; element_css=&#8221;.vc-row-768574 .vc-curtain {background-color:#edf1f8;}&#8221; curtain=&#8221;curtain-left&#8221; css=&#8221;.vc_custom_1594639877189{padding-top: 48px !important;padding-bottom: 48px !important;}&#8221; curtain_color=&#8221;#edf1f8&#8243;][vc_column animation_delay=&#8221;0&#8243; css_animation=&#8221;fadeIn&#8221; element_id=&#8221;328753&#8243; crp=&#8221;374:i:i,375-767:i:i,768-1023:i:i,1024-1279:i:i,1280-1599:i:i,1600-1919:i:i&#8221;]<span class=\"et-gap et-clearfix et-gap-412869 hide767\"><\/span><div id=\"et-icon-box-container-994450\" class=\"columns-3 et-icon-box-container gap-true top\" data-animation=\"appear\"><div id=\"et-icon-box-454781\" class=\"et-icon-box vci icon-position-top icon-alignment-center animation-none large no-content\" data-effect=\"none\"><div class=\"et-icon-box-inner et-clearfix large\"><div class=\"et-icon-content\"><div class=\"et-icon-box-title\"><strong>TRANSPARENCIA<\/strong><\/div><\/div><\/div><\/div><div id=\"et-icon-box-429141\" class=\"et-icon-box vci icon-position-top icon-alignment-center animation-none large no-content\" data-effect=\"none\"><div class=\"et-icon-box-inner et-clearfix large\"><div class=\"et-icon-content\"><div class=\"et-icon-box-title\"><strong>INTEGRIDADE<\/strong><\/div><\/div><\/div><\/div><div id=\"et-icon-box-754695\" class=\"et-icon-box vci icon-position-top icon-alignment-center animation-none large no-content\" data-374-l=\"10\"  data-374-r=\"10\"  data-effect=\"none\"><div class=\"et-icon-box-inner et-clearfix large\"><div class=\"et-icon-content\"><div class=\"et-icon-box-title\"><strong>ORIENTACI\u00d3N AO CLIENTE<\/strong><\/div><\/div><\/div><\/div><\/div>[\/vc_column][\/vc_row][vc_row element_id=&#8221;292436&#8243; css=&#8221;.vc_custom_1703157382985{padding-top: 48px !important;padding-bottom: 20px !important;}&#8221;][vc_column animation_delay=&#8221;0&#8243; css_animation=&#8221;fadeIn&#8221; element_id=&#8221;57487&#8243; crp=&#8221;374:i:i,375-767:i:i,768-1023:i:i,1024-1279:i:i,1280-1599:i:i,1600-1919:i:i&#8221;]<span class=\"et-gap et-clearfix et-gap-412869 hide767\"><\/span><p class=\"et-heading text-align-center highlight-false\" id=\"et-heading-129666\" data-374-f=\"26\" data-374-lh=\"36\" data-375-767-f=\"26\" data-375-767-lh=\"36\" data-768-1023-f=\"32\" data-768-1023-lh=\"40\"><span class=\"text-wrapper\"><span class=\"text\">En M\u00e1is Enerx\u00eda Galega ofrecemos diversos modelos de contrataci\u00f3n de suministro. Desde tarifas de prezo fixo ata opci\u00f3ns indexadas ao mercado, ofrecemos flexibilidade para adaptarnos \u00e1s necesidades espec\u00edficas dos nosos clientes.<br \/>\n<\/span><span class=\"curtain\"><\/span><\/span><\/p><div class=\"et-separator et-clearfix animate-false solid center horizontal et-separator-999098\" data-delay=\"\"><div class=\"line\"><\/div><\/div><div id=\"et-step-box-container-1\" class=\"columns-3 et-step-box-container\"><div id=\"et-step-box-53043\" class=\"et-step-box\"><div class=\"et-step-box-inner et-clearfix\"><div class=\"step-count\"><\/div><h2 class=\"et-step-box-title\">Misi\u00f3n<\/h2><p class=\"et-step-box-content\">\n<p style=\"text-align: justify;\">En M\u00e1is Enerx\u00eda Galega, nos dedicamos a liderar el sector de la comercializaci\u00f3n de energ\u00eda mediante la oferta de soluciones flexibles. Nuestra misi\u00f3n es proporcionar servicios energ\u00e9ticos confiables y adaptados a las necesidades espec\u00edficas de nuestros clientes. Buscamos contribuir a la eficiencia y estabilidad del suministro energ\u00e9tico, manteniendo un compromiso constante con la excelencia en todos nuestros servicios.<\/p>\n<\/p><\/div><\/div><div id=\"et-step-box-77178\" class=\"et-step-box\"><div class=\"et-step-box-inner et-clearfix\"><div class=\"step-count\"><\/div><h2 class=\"et-step-box-title\">Visi\u00f3n<\/h2><p class=\"et-step-box-content\">\n<p style=\"text-align: justify;\">Como l\u00edderes en el \u00e1mbito gallego y nacional, aspiramos a ser reconocidos como la opci\u00f3n preferida en el suministro de energ\u00eda. Buscamos ser pioneros en la innovaci\u00f3n de modelos de contrataci\u00f3n y en la mejora continua de nuestros servicios, estableciendo un est\u00e1ndar de excelencia en el sector. Nuestra visi\u00f3n es formar parte activa en la construcci\u00f3n de un futuro donde la energ\u00eda sea un motor para el progreso y la oportunidad.<\/p>\n<\/p><\/div><\/div><div id=\"et-step-box-712754\" class=\"et-step-box\"><div class=\"et-step-box-inner et-clearfix\"><div class=\"step-count\"><\/div><h2 class=\"et-step-box-title\">Valores<\/h2><p class=\"et-step-box-content\">\n<p style=\"text-align: justify;\">Basamos nuestra operaci\u00f3n en una s\u00f3lida \u00e9tica empresarial, guiada por valores fundamentales. La transparencia rige nuestras interacciones, manteniendo una comunicaci\u00f3n abierta y directa con clientes y colaboradores. La integridad impulsa nuestras decisiones, asegurando que nuestros principios \u00e9ticos gu\u00eden todas las operaciones. Fomentamos un entorno innovador, constantemente en busca de oportunidades para mejorar y adaptarnos. La orientaci\u00f3n al cliente es esencial, centr\u00e1ndonos en comprender y satisfacer las necesidades individuales de cada cliente.<\/p>\n<\/p><\/div><\/div><\/div><span class=\"et-gap et-clearfix et-gap-567764\"><\/span>[vc_column_text animation_delay=&#8221;600&#8243; css_animation=&#8221;right-to-left&#8221; css=&#8221;.vc_custom_1706532136355{padding-bottom: 10px !important;}&#8221;]\n<p style=\"text-align: justify;\">M\u00e1is Enerx\u00eda Galega trazou dende os seus inicios unha notable traxectoria no sector da comercializaci\u00f3n enerx\u00e9tica. Fundada cunha base s\u00f3lida apoiada na experiencia, a compa\u00f1\u00eda consolidouse como unha forza l\u00edder no panorama enerx\u00e9tico espa\u00f1ol.<\/p>\n<p style=\"text-align: justify;\">Hoxe miramos ao futuro con optimismo e determinaci\u00f3n. Seguiremos liderando a industria, anticip\u00e1ndonos \u00e1s tendencias e proporcionando soluci\u00f3ns enerx\u00e9ticas que impulsen aos nosos clientes e ao pa\u00eds cara a un ma\u00f1\u00e1 m\u00e1is sostible e eficiente. Agradecemos aos nosos clientes, socios e colaboradores por ser parte integral da nosa viaxe e esperamos seguir escribindo esta historia de \u00e9xito xuntos.<\/p>\n[\/vc_column_text]<span class=\"et-gap et-clearfix et-gap-355959\"><\/span>[vc_row_inner gap=&#8221;40&#8243; element_id=&#8221;158538&#8243;][vc_column_inner width=&#8221;1\/4&#8243; offset=&#8221;vc_hidden-sm&#8221;][vc_column_text animation_delay=&#8221;600&#8243; css_animation=&#8221;right-to-left&#8221;]\n<p style=\"font-size: 20px; line-height: 32px; text-align: justify;\"><strong>Os primeiros pasos<\/strong><\/p>\n<p style=\"text-align: justify;\">Nos seus primeiros anos, M\u00e1is Enerx\u00eda Galega nace coa firme finalidade de ofrecer soluci\u00f3ns enerx\u00e9ticas flexibles e eficientes. A experiencia acumulada proporcionou a base necesaria para afrontar os retos do mercado e satisfacer as crecentes demandas dos clientes.<\/p>\n[\/vc_column_text]<span class=\"et-gap et-clearfix et-gap-355959\"><\/span>[\/vc_column_inner][vc_column_inner width=&#8221;1\/2&#8243; offset=&#8221;vc_hidden-sm&#8221;][vc_column_text animation_delay=&#8221;600&#8243; css_animation=&#8221;right-to-left&#8221;]\n<p style=\"font-size: 20px; line-height: 32px; text-align: justify;\"><strong>Crecemento exponencial: liderando o mercado<\/strong><\/p>\n<p style=\"text-align: justify;\">Dende ent\u00f3n, experimentamos un crecemento exponencial que nos catapultou entre os principais comercializadoras de Espa\u00f1a. Este impresionante ascenso \u00e9 un testemu\u00f1o do noso compromiso inquebrantable coa excelencia, a innovaci\u00f3n e a satisfacci\u00f3n do cliente.<\/p>\n<p style=\"text-align: justify;\">Durante cada etapa do noso crecemento, mantivemos un enfoque intransixente na calidade do servizo e na adopci\u00f3n de pr\u00e1cticas innovadoras. Estamos orgullosos de ter modelos de contrataci\u00f3n pioneiros que ofrecen flexibilidade e beneficios reais aos nosos clientes.<\/p>\n[\/vc_column_text]<span class=\"et-gap et-clearfix et-gap-355959\"><\/span>[\/vc_column_inner][vc_column_inner width=&#8221;1\/4&#8243; offset=&#8221;vc_hidden-sm&#8221;][vc_column_text animation_delay=&#8221;600&#8243; css_animation=&#8221;right-to-left&#8221;]\n<p style=\"font-size: 20px; line-height: 32px; text-align: justify;\"><strong>Posicionamento Nacional<\/strong><\/p>\n<p style=\"text-align: justify;\">Hoxe, M\u00e1is Enerx\u00eda Galega destaca como unha das principais comercializadoras de Espa\u00f1a, avalada por unha s\u00f3lida reputaci\u00f3n e unha crecente base de clientes satisfeitos. A nosa posici\u00f3n no n\u00famero 69 a nivel nacional, segundo o Ranking de Compras de Enerx\u00eda El\u00e9ctrica de Distribuidores en Espa\u00f1a, \u00e9 un claro testemu\u00f1o da nosa dedicaci\u00f3n e \u00e9xito no sector.<\/p>\n[\/vc_column_text]<span class=\"et-gap et-clearfix et-gap-355959\"><\/span>[\/vc_column_inner][\/vc_row_inner][vc_row_inner gap=&#8221;40&#8243; element_id=&#8221;158538&#8243;][vc_column_inner offset=&#8221;vc_hidden-lg vc_hidden-md vc_hidden-xs&#8221;][vc_column_text animation_delay=&#8221;600&#8243; css_animation=&#8221;right-to-left&#8221;]\n<p style=\"font-size: 20px; line-height: 32px; text-align: justify;\"><strong>Os primeiros pasos<\/strong><\/p>\n<p style=\"text-align: justify;\">Nos seus primeiros anos, M\u00e1is Enerx\u00eda Galega nace coa firme finalidade de ofrecer soluci\u00f3ns enerx\u00e9ticas flexibles e eficientes. A experiencia acumulada proporcionou a base necesaria para afrontar os retos do mercado e satisfacer as crecentes demandas dos clientes.<\/p>\n[\/vc_column_text][vc_column_text animation_delay=&#8221;600&#8243; css_animation=&#8221;right-to-left&#8221;]\n<p style=\"font-size: 20px; line-height: 32px; text-align: justify;\"><strong>Crecemento exponencial: liderando o mercado<\/strong><\/p>\n<p style=\"text-align: justify;\">Dende ent\u00f3n, experimentamos un crecemento exponencial que nos catapultou entre os principais comercializadoras de Espa\u00f1a. Este impresionante ascenso \u00e9 un testemu\u00f1o do noso compromiso inquebrantable coa excelencia, a innovaci\u00f3n e a satisfacci\u00f3n do cliente.<\/p>\n<p style=\"text-align: justify;\">Durante cada etapa do noso crecemento, mantivemos un enfoque intransixente na calidade do servizo e na adopci\u00f3n de pr\u00e1cticas innovadoras. Estamos orgullosos de ter modelos de contrataci\u00f3n pioneiros que ofrecen flexibilidade e beneficios reais aos nosos clientes.<\/p>\n[\/vc_column_text][vc_column_text animation_delay=&#8221;600&#8243; css_animation=&#8221;right-to-left&#8221;]\n<p style=\"font-size: 20px; line-height: 32px; text-align: justify;\"><strong>Posicionamento Nacional<\/strong><\/p>\n<p style=\"text-align: justify;\">Hoxe, M\u00e1is Enerx\u00eda Galega destaca como unha das principais comercializadoras de Espa\u00f1a, avalada por unha s\u00f3lida reputaci\u00f3n e unha crecente base de clientes satisfeitos. A nosa posici\u00f3n no n\u00famero 69 a nivel nacional, segundo o Ranking de Compras de Enerx\u00eda El\u00e9ctrica de Distribuidores en Espa\u00f1a, \u00e9 un claro testemu\u00f1o da nosa dedicaci\u00f3n e \u00e9xito no sector.<\/p>\n[\/vc_column_text]<span class=\"et-gap et-clearfix et-gap-355959\"><\/span><span class=\"et-gap et-clearfix et-gap-355959\"><\/span><span class=\"et-gap et-clearfix et-gap-355959\"><\/span>[\/vc_column_inner][\/vc_row_inner][\/vc_column][\/vc_row][vc_row element_id=&#8221;50045&#8243; element_css=&#8221;.vc-row-50045 .fixed-container {background-image:url(https:\/\/maisenerxia.com\/wp-content\/uploads\/Poste-Red-Electrica.jpg);}&#8221; fixed_bg=&#8221;true&#8221; css=&#8221;.vc_custom_1706546145929{padding-top: 100px !important;padding-bottom: 100px !important;background-position: center !important;background-repeat: no-repeat !important;background-size: cover !important;}&#8221; fixed_bg_image=&#8221;6492&#8243;][vc_column animation_delay=&#8221;0&#8243; css_animation=&#8221;fadeIn&#8221; element_id=&#8221;506561&#8243; crp=&#8221;374:i:i,375-767:i:i,768-1023:i:i,1024-1279:i:i,1280-1599:i:i,1600-1919:i:i&#8221;]<span class=\"et-gap et-clearfix et-gap-982788 hide767\"><\/span><h2 class=\"et-heading text-align-center highlight-false animate-true rows letter-spacing-custom-1 mobile-font-weight-300\" id=\"et-heading-79265\" data-delay=\"200\" data-374-f=\"26\" data-374-lh=\"36\" data-375-767-f=\"32\" data-375-767-lh=\"40\" data-768-1023-f=\"54\" data-768-1023-lh=\"64\"><span class=\"text-wrapper\"><span class=\"text\">Compromiso coa excelencia<\/span><\/span><\/h2><span class=\"et-gap et-clearfix et-gap-982788 hide767\"><\/span>[\/vc_column][\/vc_row][vc_row full_width=&#8221;stretch_row_content&#8221; element_id=&#8221;287449&#8243; element_css=&#8221;.vc-row-287449 .fixed-container {background-image:url(https:\/\/maisenerxia.com\/wp-content\/uploads\/Poste-Electricidad-Vista-Inferior.jpg);}&#8221; fixed_bg=&#8221;true&#8221; css=&#8221;.vc_custom_1706001281303{background-position: center !important;background-repeat: no-repeat !important;background-size: cover !important;}&#8221; fixed_bg_image=&#8221;6023&#8243;][vc_column animation_delay=&#8221;0&#8243; css_animation=&#8221;fadeIn&#8221; element_id=&#8221;506561&#8243; crp=&#8221;374:i:i,375-767:i:i,768-1023:i:i,1024-1279:i:i,1280-1599:i:i,1600-1919:i:i&#8221;]<div class=\"et-separator et-clearfix animate-false solid left horizontal et-separator-365966\" data-delay=\"\"><div class=\"line\"><\/div><\/div>[\/vc_column][\/vc_row][vc_row element_id=&#8221;494094&#8243; element_css=&#8221;.vc-row-494094 .vc-curtain {background-color:#edf1f8;}&#8221; curtain=&#8221;curtain-right&#8221; css=&#8221;.vc_custom_1594640434454{padding-top: 48px !important;padding-bottom: 48px !important;}&#8221; curtain_color=&#8221;#edf1f8&#8243;][vc_column animation_delay=&#8221;0&#8243; element_id=&#8221;60578&#8243; crp=&#8221;374:0:0,375-767:0:0,768-1023:0:0,1024-1279:0:0,1280-1599:i:i,1600-1919:i:i&#8221; offset=&#8221;vc_col-lg-12 vc_col-md-12 vc_col-xs-12&#8243;]<span class=\"et-gap et-clearfix et-gap-174910\"><\/span>[vc_row_inner gap=&#8221;40&#8243; element_id=&#8221;648632&#8243;][vc_column_inner]<div id=\"et-carousel-1\" class=\"et-carousel dottes\" data-nav=\"dottes\" data-autoplay=\"true\" data-columns=\"2\"><div class=\"slides\"><div class=\"et-carousel-item et-clearfix\"><span class=\"et-gap et-clearfix et-gap-263305\"><\/span>[vc_single_image image=&#8221;6122&#8243; img_size=&#8221;large&#8221; alignment=&#8221;center&#8221;]<div class=\"et-heading text-align-center highlight-false\" id=\"et-heading-136479\" ><span class=\"text-wrapper\"><span class=\"text\">Econom\u00eda en Galicia<\/span><span class=\"curtain\"><\/span><\/span><\/div>[vc_column_text animation_delay=&#8221;0&#8243; css=&#8221;.vc_custom_1706003584958{padding-right: 20px !important;padding-left: 20px !important;}&#8221;]\n<p style=\"text-align: justify;\">\u00abM\u00e1is Enerx\u00eda Galega sit\u00faase como l\u00edder en Galicia. (\u2026) M\u00e1is Enerx\u00eda Galega, empresa lucense con sede en Vigo, destaca como a principal empresa do \u00e1mbito galego e ocupa o posto n\u00famero 69 a nivel nacional.\u00bb<\/p>\n[\/vc_column_text]<\/div><div class=\"et-carousel-item et-clearfix\"><span class=\"et-gap et-clearfix et-gap-263305\"><\/span>[vc_single_image image=&#8221;6133&#8243; img_size=&#8221;large&#8221; alignment=&#8221;center&#8221;]<div class=\"et-heading text-align-center highlight-false\" id=\"et-heading-135325\" ><span class=\"text-wrapper\"><span class=\"text\">Europa Press<\/span><span class=\"curtain\"><\/span><\/span><\/div>[vc_column_text animation_delay=&#8221;0&#8243; css=&#8221;.vc_custom_1706003706388{padding-right: 20px !important;padding-left: 20px !important;}&#8221;]\n<p style=\"text-align: justify;\">\u00abEnerx\u00eda Galega M\u00e1is, a comercializadora el\u00e9ctrica que devolveu a tranquilidade aos usuarios. (\u2026) Enerx\u00eda Galega M\u00e1is est\u00e1 a revolucionar o sector enerx\u00e9tico ofrecendo tarifas individualizadas tanto para particulares como para pemes.\u00bb<\/p>\n[\/vc_column_text]<\/div><\/div><\/div>[\/vc_column_inner][\/vc_row_inner]<span class=\"et-gap et-clearfix et-gap-87451 hide767\"><\/span>[\/vc_column][\/vc_row]\n<\/div>","protected":false},"excerpt":{"rendered":"<p>[vc_section full_height=&#8221;yes&#8221; content_placement=&#8221;middle&#8221; css=&#8221;.vc_custom_1708509913183{background-image: url(https:\/\/maisenerxia.com\/wp-content\/uploads\/Faro-Blanco-Y-Negro.jpg?id=6912) !important;background-position: center !important;background-repeat: no-repeat !important;background-size: cover !important;}&#8221;][vc_row][vc_column animation_delay=&#8221;0&#8243; width=&#8221;1\/2&#8243; element_id=&#8221;53394&#8243; css=&#8221;.vc_custom_1708509941112{padding-top: 18% !important;}&#8221; crp=&#8221;374:i:i,375-767:i:i,768-1023:i:i,1024-1279:i:i,1280-1599:i:i,1600-1919:i:i&#8221;][\/vc_column][vc_column width=&#8221;1\/2&#8243;][\/vc_column][\/vc_row][\/vc_section][vc_row element_id=&#8221;414643&#8243; css=&#8221;.vc_custom_1703751939726{padding-top: 48px !important;padding-bottom: 48px !important;}&#8221;][vc_column animation_delay=&#8221;0&#8243; css_animation=&#8221;none&#8221; element_id=&#8221;899220&#8243; crp=&#8221;374:0:0,375-767:0:0,768-1023:0:0,1024-1279:0:0,1280-1599:i:i,1600-1919:i:i&#8221; offset=&#8221;vc_col-lg-12 vc_col-md-12 vc_col-xs-12&#8243; css=&#8221;.vc_custom_1703751948791{padding-right: 0px !important;padding-left: 0px !important;}&#8221;][vc_column_text animation_delay=&#8221;600&#8243; css_animation=&#8221;right-to-left&#8221;] M\u00e1is Enerx\u00eda Galega sit\u00faase entre as 70 primeiras empresas en comercializaci\u00f3n enerx\u00e9tica, destacando entre os [&hellip;]<\/p>\n","protected":false},"author":1,"featured_media":0,"parent":7383,"menu_order":0,"comment_status":"closed","ping_status":"closed","template":"page-vc.php","meta":{"footnotes":""},"class_list":["post-7614","page","type-page","status-publish","hentry"],"_links":{"self":[{"href":"https:\/\/maisenerxia.com\/gl\/wp-json\/wp\/v2\/pages\/7614","targetHints":{"allow":["GET"]}}],"collection":[{"href":"https:\/\/maisenerxia.com\/gl\/wp-json\/wp\/v2\/pages"}],"about":[{"href":"https:\/\/maisenerxia.com\/gl\/wp-json\/wp\/v2\/types\/page"}],"author":[{"embeddable":true,"href":"https:\/\/maisenerxia.com\/gl\/wp-json\/wp\/v2\/users\/1"}],"replies":[{"embeddable":true,"href":"https:\/\/maisenerxia.com\/gl\/wp-json\/wp\/v2\/comments?post=7614"}],"version-history":[{"count":9,"href":"https:\/\/maisenerxia.com\/gl\/wp-json\/wp\/v2\/pages\/7614\/revisions"}],"predecessor-version":[{"id":9157,"href":"https:\/\/maisenerxia.com\/gl\/wp-json\/wp\/v2\/pages\/7614\/revisions\/9157"}],"up":[{"embeddable":true,"href":"https:\/\/maisenerxia.com\/gl\/wp-json\/wp\/v2\/pages\/7383"}],"wp:attachment":[{"href":"https:\/\/maisenerxia.com\/gl\/wp-json\/wp\/v2\/media?parent=7614"}],"curies":[{"name":"wp","href":"https:\/\/api.w.org\/{rel}","templated":true}]}}