{"id":7617,"date":"2024-01-23T17:04:53","date_gmt":"2024-01-23T16:04:53","guid":{"rendered":"https:\/\/maisenerxia.com\/empresas\/traballa-como-colaborador\/"},"modified":"2025-05-14T15:47:48","modified_gmt":"2025-05-14T14:47:48","slug":"traballa-como-colaborador","status":"publish","type":"page","link":"https:\/\/maisenerxia.com\/gl\/empresas\/traballa-como-colaborador\/","title":{"rendered":"Traballa como Colaborador"},"content":{"rendered":"<div class=\"wpb-content-wrapper\">[vc_row gap=&#8221;0&#8243; content_placement=&#8221;bottom&#8221; element_id=&#8221;269379&#8243; element_css=&#8221;.vc-row-269379 .parallax-container {background-image:url(https:\/\/maisenerxia.com\/wp-content\/uploads\/Exterior-Empresa.jpg);}&#8221; parallax=&#8221;true&#8221; css=&#8221;.vc_custom_1707488536180{padding-top: 20% !important;padding-bottom: 10% !important;background-position: center;background-repeat: no-repeat !important;background-size: cover !important;}&#8221; parallax_image=&#8221;6485&#8243;][vc_column animation_delay=&#8221;0&#8243; width=&#8221;1\/2&#8243; element_id=&#8221;392487&#8243; offset=&#8221;vc_col-lg-6 vc_col-md-6 vc_col-xs-6&#8243; crp=&#8221;374:i:i,375-767:i:i,768-1023:i:i,1024-1279:i:i,1280-1599:i:i,1600-1919:i:i&#8221;]<h1 class=\"et-heading text-align-left highlight-false\" id=\"et-heading-579029\" data-374-f=\"16\" data-374-lh=\"18\" data-375-767-f=\"18\" data-375-767-lh=\"22\" data-768-1023-f=\"23\" data-768-1023-lh=\"26\" data-1024-1279-f=\"40\" data-1024-1279-lh=\"48\"><span class=\"text-wrapper\"><span class=\"text\">Desenvolve a t\u00faa Carreira Comercial<span class=\"et-gap et-clearfix et-gap-1\"><\/span> con M\u00e1is Enerx\u00eda<span class=\"et-gap et-clearfix et-gap-1\"><\/span> Galega<\/span><span class=\"curtain\"><\/span><\/span><\/h1>[\/vc_column][vc_column width=&#8221;1\/2&#8243;][\/vc_column][\/vc_row][vc_row full_width=&#8221;stretch_row_content&#8221; element_id=&#8221;331575&#8243;][vc_column]<div class=\"et-separator et-clearfix animate-false solid left horizontal et-separator-365966\" data-delay=\"\"><div class=\"line\"><\/div><\/div>[\/vc_column][\/vc_row][vc_section][vc_row element_id=&#8221;773277&#8243; css=&#8221;.vc_custom_1706022208139{padding-top: 50px !important;}&#8221;][vc_column]<h2 class=\"et-heading text-align-center highlight-false\" id=\"et-heading-638345\" data-374-f=\"21\" data-374-lh=\"33\" data-375-767-f=\"30\" data-375-767-lh=\"38\"><span class=\"text-wrapper\"><span class=\"text\">Descubra as nosas oportunidades de colaboraci\u00f3n<\/span><span class=\"curtain\"><\/span><\/span><\/h2>[vc_column_text animation_delay=&#8221;0&#8243; css=&#8221;.vc_custom_1706022340541{padding-top: 15px !important;}&#8221;]\n<p style=\"text-align: justify;\">Convid\u00e1moste a explorar as posibilidades de ser colaborador comercial externo en M\u00e1is Enerx\u00eda Galega. Buscamos persoas proactivas e orientadas ao cliente que estean apaixonadas por crecer xuntos.<\/p>\n[\/vc_column_text]<h3 class=\"et-heading text-align-center highlight-false\" id=\"et-heading-44184\" data-374-f=\"21\" data-374-lh=\"33\" data-375-767-f=\"30\" data-375-767-lh=\"38\"><span class=\"text-wrapper\"><span class=\"text\">Por que colaborar con n\u00f3s?<\/span><span class=\"curtain\"><\/span><\/span><\/h3>[\/vc_column][\/vc_row][vc_row equal_height=&#8221;yes&#8221; element_id=&#8221;863292&#8243; css=&#8221;.vc_custom_1706024816536{padding-top: 40px !important;padding-bottom: 20px !important;}&#8221;][vc_column animation_delay=&#8221;0&#8243; css_animation=&#8221;bounceIn&#8221; width=&#8221;1\/3&#8243; text_align=&#8221;center&#8221; element_id=&#8221;132125&#8243; css=&#8221;.vc_custom_1705912256166{padding-top: 10px !important;padding-right: 10px !important;padding-bottom: 10px !important;padding-left: 10px !important;}&#8221; crp=&#8221;374:i:i,375-767:i:i,768-1023:i:i,1024-1279:i:i,1280-1599:i:i,1600-1919:i:i&#8221;][vc_icon type=&#8221;openiconic&#8221; icon_openiconic=&#8221;vc-oi vc-oi-list-nested&#8221; color=&#8221;custom&#8221; size=&#8221;xl&#8221; align=&#8221;center&#8221; css_animation=&#8221;bounceIn&#8221; custom_color=&#8221;#1c203f&#8221;]<div class=\"et-heading text-align-center highlight-false\" id=\"et-heading-192410\" ><span class=\"text-wrapper\"><span class=\"text\">Reco\u00f1ecemento no Sector<\/span><span class=\"curtain\"><\/span><\/span><\/div>[vc_column_text animation_delay=&#8221;0&#8243; css=&#8221;.vc_custom_1706022700907{padding-top: 15px !important;}&#8221;]\n<p style=\"text-align: justify;\">Somos unha das empresas m\u00e1is relevantes do sector enerx\u00e9tico en Espa\u00f1a.<\/p>\n[\/vc_column_text][\/vc_column][vc_column animation_delay=&#8221;100&#8243; css_animation=&#8221;bounceIn&#8221; width=&#8221;1\/3&#8243; text_align=&#8221;center&#8221; element_id=&#8221;84385&#8243; css=&#8221;.vc_custom_1705912271904{padding-top: 10px !important;padding-right: 10px !important;padding-bottom: 10px !important;padding-left: 10px !important;}&#8221; crp=&#8221;374:i:i,375-767:i:i,768-1023:i:i,1024-1279:i:i,1280-1599:i:i,1600-1919:i:i&#8221;][vc_icon type=&#8221;openiconic&#8221; icon_openiconic=&#8221;vc-oi vc-oi-tag&#8221; color=&#8221;custom&#8221; size=&#8221;xl&#8221; align=&#8221;center&#8221; css_animation=&#8221;bounceIn&#8221; custom_color=&#8221;#1c203f&#8221;]<div class=\"et-heading text-align-center highlight-false\" id=\"et-heading-854035\" ><span class=\"text-wrapper\"><span class=\"text\">Posicionamento Nacional<\/span><span class=\"curtain\"><\/span><\/span><\/div>[vc_column_text animation_delay=&#8221;0&#8243; css=&#8221;.vc_custom_1706022714163{padding-top: 15px !important;}&#8221;]\n<p style=\"text-align: justify;\">L\u00edderes en Galicia, posto 69 a nivel nacional.<\/p>\n[\/vc_column_text][\/vc_column][vc_column animation_delay=&#8221;200&#8243; css_animation=&#8221;bounceIn&#8221; width=&#8221;1\/3&#8243; text_align=&#8221;center&#8221; element_id=&#8221;178875&#8243; css=&#8221;.vc_custom_1705912277880{padding-top: 10px !important;padding-right: 10px !important;padding-bottom: 10px !important;padding-left: 10px !important;}&#8221; crp=&#8221;374:i:i,375-767:i:i,768-1023:i:i,1024-1279:i:i,1280-1599:i:i,1600-1919:i:i&#8221;][vc_icon type=&#8221;openiconic&#8221; icon_openiconic=&#8221;vc-oi vc-oi-layers&#8221; color=&#8221;custom&#8221; size=&#8221;xl&#8221; align=&#8221;center&#8221; css_animation=&#8221;bounceIn&#8221; custom_color=&#8221;#1c203f&#8221;]<div class=\"et-heading text-align-center highlight-false\" id=\"et-heading-565966\" ><span class=\"text-wrapper\"><span class=\"text\">Flexibilidade e apoio<\/span><span class=\"curtain\"><\/span><\/span><\/div>[vc_column_text animation_delay=&#8221;0&#8243; css=&#8221;.vc_custom_1706022669411{padding-top: 15px !important;}&#8221;]\n<p style=\"text-align: justify;\">Colabora cun equipo comprometido que valora a autonom\u00eda e o desenvolvemento mutuo.<\/p>\n[\/vc_column_text][\/vc_column][\/vc_row][vc_row element_id=&#8221;358775&#8243; css=&#8221;.vc_custom_1719214778763{padding-bottom: 20px !important;background-color: #1c203f !important;}&#8221;][vc_column]<h3 class=\"et-heading text-align-left highlight-false\" id=\"et-heading-286910\" ><span class=\"text-wrapper\"><span class=\"text\">Perfil do colaborador:<\/span><span class=\"curtain\"><\/span><\/span><\/h3>[vc_column_text animation_delay=&#8221;0&#8243; css=&#8221;.vc_custom_1706025263951{padding-top: 15px !important;}&#8221;]\n<p style=\"text-align: justify; color: white;\">Buscamos colaboradores externos con habilidades comerciais excepcionais e unha mentalidade orientada ao \u00e9xito. Se tes experiencia no sector enerx\u00e9tico, convid\u00e1moste a formar parte do noso equipo!<\/p>\n[\/vc_column_text][\/vc_column][\/vc_row][\/vc_section][vc_section css=&#8221;.vc_custom_1706023342324{padding-top: 100px !important;padding-bottom: 100px !important;background-image: url(https:\/\/maisenerxia.com\/wp-content\/uploads\/Empresa-Fachada-Exterior.jpg?id=6144) !important;}&#8221;][vc_row gap=&#8221;48&#8243; element_id=&#8221;358772&#8243;][vc_column animation_delay=&#8221;0&#8243; element_id=&#8221;106693&#8243; crp=&#8221;374:i:i,375-767:i:i,768-1023:i:i,1024-1279:i:i,1280-1599:i:i,1600-1919:i:i&#8221; offset=&#8221;vc_hidden-lg vc_hidden-md&#8221;]<div id=\"et-animate-box-546500\" class=\"et-animate-box et-animate-box-546500\" data-delay=\"0\" data-animation=\"top\" data-stagger=\"none\" data-color=\"#ffffff\"><div class=\"content vci\" ><div id=\"et-icon-box-230203\" class=\"et-icon-box vci icon-position-top icon-alignment-center animation-none large\" data-effect=\"none\"><div class=\"et-icon-box-inner et-clearfix large\"><div class=\"et-icon-content\"><h3 class=\"et-icon-box-title\">Como colaborar con n\u00f3s<\/h3><p class=\"et-icon-box-content\">\n<p style=\"text-align: justify;\"><img loading=\"lazy\" decoding=\"async\" class=\"wp-image-4018 aligncenter\" role=\"img\" src=\"https:\/\/maisenerxia.com\/wp-content\/uploads\/Correo.svg\" alt=\"\" width=\"136\" height=\"136\" \/><\/p>\n<p style=\"text-align: justify;\">Completa o seguinte formulario e o noso equipo comercial revisar\u00e1 a t\u00faa proposta de colaboraci\u00f3n. \u00danete a n\u00f3s e forma parte do noso \u00e9xito compartido.<\/p>\n<\/p><\/div><\/div><\/div><\/div><svg viewBox=\"0 0 100 120\" class=\"box-back\"><path d=\"M0,0A133,133,0,0,0,100,0V110A133,133,0,0,1,0,110V0Z\" data-dclone=\"M0,0A133,133,0,0,0,100,0V110A133,133,0,0,1,0,110V0Z\" data-end=\"M0,0H100V120H0V0Z\"\/><\/svg><\/div>[\/vc_column][\/vc_row][vc_row gap=&#8221;48&#8243; element_id=&#8221;358772&#8243;][vc_column animation_delay=&#8221;0&#8243; width=&#8221;1\/2&#8243; element_id=&#8221;695547&#8243; crp=&#8221;374:i:i,375-767:i:i,768-1023:i:i,1024-1279:i:i,1280-1599:i:i,1600-1919:i:i&#8221; offset=&#8221;vc_hidden-sm vc_hidden-xs&#8221;][\/vc_column][vc_column animation_delay=&#8221;0&#8243; width=&#8221;1\/2&#8243; element_id=&#8221;68190&#8243; crp=&#8221;374:i:i,375-767:i:i,768-1023:i:i,1024-1279:i:i,1280-1599:i:i,1600-1919:i:i&#8221; offset=&#8221;vc_hidden-sm vc_hidden-xs&#8221;]<div id=\"et-animate-box-546500\" class=\"et-animate-box et-animate-box-546500\" data-delay=\"0\" data-animation=\"top\" data-stagger=\"none\" data-color=\"#ffffff\"><div class=\"content vci\" ><div id=\"et-icon-box-363148\" class=\"et-icon-box vci icon-position-top icon-alignment-center animation-none large\" data-effect=\"none\"><div class=\"et-icon-box-inner et-clearfix large\"><div class=\"et-icon-content\"><h3 class=\"et-icon-box-title\">Como colaborar con n\u00f3s<\/h3><p class=\"et-icon-box-content\">\n<p style=\"text-align: justify;\"><img loading=\"lazy\" decoding=\"async\" class=\"wp-image-4018 aligncenter\" role=\"img\" src=\"https:\/\/maisenerxia.com\/wp-content\/uploads\/Correo.svg\" alt=\"\" width=\"136\" height=\"136\" \/><\/p>\n<p style=\"text-align: justify;\">Completa o seguinte formulario e o noso equipo comercial revisar\u00e1 a t\u00faa proposta de colaboraci\u00f3n. \u00danete a n\u00f3s e forma parte do noso \u00e9xito compartido.<\/p>\n<\/p><\/div><\/div><\/div><\/div><svg viewBox=\"0 0 100 120\" class=\"box-back\"><path d=\"M0,0A133,133,0,0,0,100,0V110A133,133,0,0,1,0,110V0Z\" data-dclone=\"M0,0A133,133,0,0,0,100,0V110A133,133,0,0,1,0,110V0Z\" data-end=\"M0,0H100V120H0V0Z\"\/><\/svg><\/div>[\/vc_column][\/vc_row][\/vc_section][vc_section css=&#8221;.vc_custom_1706025739386{background-color: #f0f0f0 !important;background-position: center !important;background-repeat: no-repeat !important;background-size: cover !important;}&#8221;][vc_row full_width=&#8221;stretch_row_content&#8221; element_id=&#8221;629402&#8243; grid_overlay=&#8221;white&#8221; css=&#8221;.vc_custom_1706025823200{padding-right: 12% !important;padding-left: 12% !important;}&#8221;][vc_column animation_delay=&#8221;0&#8243; element_id=&#8221;518173&#8243; crp=&#8221;374:i:i,375-767:i:i,768-1023:i:i,1024-1279:i:i,1280-1599:i:i,1600-1919:i:i&#8221;]<span class=\"et-gap et-clearfix et-gap-616086\"><\/span><span class=\"et-gap et-clearfix et-gap-511102\"><\/span><h2 class=\"et-heading text-align-center highlight-false\" id=\"et-heading-741027\" ><span class=\"text-wrapper\"><span class=\"text\">Formulario de colaboraci\u00f3n<\/span><span class=\"curtain\"><\/span><\/span><\/h2><span class=\"et-gap et-clearfix et-gap-909011\"><\/span><span class=\"et-gap et-clearfix et-gap-87914\"><\/span>[vc_column_text animation_delay=&#8221;0&#8243; css=&#8221;&#8221;]<div class=\"forminator-ui forminator-custom-form forminator-custom-form-12285 forminator-design--material  forminator_ajax\" data-forminator-render=\"0\" data-form=\"forminator-module-12285\" data-uid=\"69fdf528d3137\"><br\/><\/div><form\n\t\t\t\tid=\"forminator-module-12285\"\n\t\t\t\tclass=\"forminator-ui forminator-custom-form forminator-custom-form-12285 forminator-design--material  forminator_ajax\"\n\t\t\t\tmethod=\"post\"\n\t\t\t\tdata-forminator-render=\"0\"\n\t\t\t\tdata-form-id=\"12285\"\n\t\t\t\tenctype=\"multipart\/form-data\" data-color-option=\"default\" data-design=\"material\" data-grid=\"open\" style=\"display: none;\"\n\t\t\t\tdata-uid=\"69fdf528d3137\"\n\t\t\t><div role=\"alert\" aria-live=\"polite\" class=\"forminator-response-message forminator-error\" aria-hidden=\"true\"><\/div><div class=\"forminator-row\"><div id=\"name-1\" class=\"forminator-field-name forminator-col forminator-col-12 \"><div class=\"forminator-field\"><label for=\"forminator-field-name-1_69fdf528d3137\" id=\"forminator-field-name-1_69fdf528d3137-label\" class=\"forminator-label\">Nombre y apellidos <span class=\"forminator-required\">*<\/span><\/label><input type=\"text\" name=\"name-1\" value=\"\" placeholder=\"Juan P\u00e9rez\" id=\"forminator-field-name-1_69fdf528d3137\" class=\"forminator-input forminator-name--field\" aria-required=\"true\" autocomplete=\"name\" \/><\/div><\/div><\/div><div class=\"forminator-row\"><div id=\"phone-1\" class=\"forminator-field-phone forminator-col forminator-col-6 \"><div class=\"forminator-field\"><label for=\"forminator-field-phone-1_69fdf528d3137\" id=\"forminator-field-phone-1_69fdf528d3137-label\" class=\"forminator-label\">Tel\u00e9fono <span class=\"forminator-required\">*<\/span><\/label><input type=\"text\" name=\"phone-1\" value=\"\" placeholder=\"+34 300 400 5000\" id=\"forminator-field-phone-1_69fdf528d3137\" class=\"forminator-input forminator-field--phone\" data-required=\"1\" aria-required=\"true\" autocomplete=\"off\" data-national_mode=\"enabled\" data-country=\"es\" data-validation=\"standard\" \/><\/div><\/div><div id=\"email-1\" class=\"forminator-field-email forminator-col forminator-col-6 \"><div class=\"forminator-field\"><label for=\"forminator-field-email-1_69fdf528d3137\" id=\"forminator-field-email-1_69fdf528d3137-label\" class=\"forminator-label\">Correo electr\u00f3nico <span class=\"forminator-required\">*<\/span><\/label><input type=\"email\" name=\"email-1\" value=\"\" placeholder=\"john@doe.com\" id=\"forminator-field-email-1_69fdf528d3137\" class=\"forminator-input forminator-email--field\" data-required=\"1\" aria-required=\"true\" autocomplete=\"email\" \/><\/div><\/div><\/div><div class=\"forminator-row\"><div id=\"upload-1\" class=\"forminator-field-upload forminator-col forminator-col-12 \"><div class=\"forminator-field\"><label for=\"forminator-field-upload-1_69fdf528d3137\" id=\"forminator-field-upload-1_69fdf528d3137-label\" class=\"forminator-label\">CV (opcional)<\/label><div class=\"forminator-file-upload \" data-element=\"upload-1_69fdf528d3137\" aria-describedby=\"forminator-field-upload-1_69fdf528d3137-description\"><input type=\"file\" name=\"upload-1\" id=\"forminator-field-upload-1_69fdf528d3137\" class=\"forminator-input-file\" accept=\".jpg,.jpeg,.jpe,.gif,.png,.bmp,.tiff,.tif,.webp,.ico,.heic,.txt,.asc,.c,.cc,.h,.srt,.csv,.tsv,.ics,.rtx,.vtt,.rtf,.pdf,.psd,.xcf,.doc,.pot,.pps,.ppt,.wri,.xla,.xls,.xlt,.xlw,.mdb,.mpp,.docx,.docm,.dotx,.dotm,.xlsx,.xlsm,.xlsb,.xltx,.xltm,.xlam,.onetoc,.onetoc2,.onetmp,.onepkg,.oxps,.xps,.odt,.odp,.ods,.odg,.odc,.odb,.odf,.wp,.wpd,.numbers,.pages,.svgz,.redux\" tabindex=\"-1\"><button id=\"forminator-field-upload-1_69fdf528d3137_button\" class=\"forminator-button forminator-button-upload\" data-id=\"forminator-field-upload-1_69fdf528d3137\">Choose File<\/button><span data-empty-text=\"No file chosen\">No file chosen<\/span><button class=\"forminator-button-delete\" style=\"display: none;\"><i class=\"forminator-icon-close\" aria-hidden=\"true\"><\/i><span class=\"forminator-screen-reader-only\">Delete uploaded file<\/span><\/button><\/div><span id=\"forminator-field-upload-1_69fdf528d3137-description\" class=\"forminator-description\">(PDF, word, excel, ....)<\/span><\/div><\/div><\/div><div class=\"forminator-row\"><div id=\"textarea-1\" class=\"forminator-field-textarea forminator-col forminator-col-12 \"><div class=\"forminator-field\"><label for=\"forminator-field-textarea-1_69fdf528d3137\" id=\"forminator-field-textarea-1_69fdf528d3137-label\" class=\"forminator-label\">Comentarios<\/label><textarea name=\"textarea-1\" placeholder=\"\" id=\"forminator-field-textarea-1_69fdf528d3137\" class=\"forminator-textarea\" rows=\"6\" style=\"--forminator-textarea-min-height:140px;\" ><\/textarea><\/div><\/div><\/div><div class=\"forminator-row\"><div id=\"consent-1\" class=\"forminator-field-consent forminator-col forminator-col-12 \"><div class=\"forminator-field\"><div class=\"forminator-checkbox__wrapper\"><label id=\"forminator-field-consent-1_69fdf528d3137__label\" class=\"forminator-checkbox forminator-consent\"><input type=\"checkbox\" name=\"consent-1\" id=\"forminator-field-consent-1_69fdf528d3137\" value=\"checked\" aria-labelledby=\"forminator-field-consent-1_69fdf528d3137-label\" aria-describedby=\"forminator-field-consent-1_69fdf528d3137__description\" data-required=\"true\" aria-required=\"true\" \/><span class=\"forminator-checkbox-box\" aria-hidden=\"true\"><\/span><\/label><div id=\"forminator-field-consent-1_69fdf528d3137__description\" class=\"forminator-checkbox__label forminator-consent__label\"><p>He le\u00eddo y acepto la <a href=\"https:\/\/maisenerxia.com\/gl\/politica-de-privacidade\/\">Pol\u00edtica de Privacidad<\/a>.<\/p><\/div><\/div><\/div><\/div><\/div><div class=\"forminator-row\"><div id=\"consent-3\" class=\"forminator-field-consent forminator-col forminator-col-12 \"><div class=\"forminator-field\"><div class=\"forminator-checkbox__wrapper\"><label id=\"forminator-field-consent-3_69fdf528d3137__label\" class=\"forminator-checkbox forminator-consent\"><input type=\"checkbox\" name=\"consent-3\" id=\"forminator-field-consent-3_69fdf528d3137\" value=\"checked\" aria-labelledby=\"forminator-field-consent-3_69fdf528d3137-label\" aria-describedby=\"forminator-field-consent-3_69fdf528d3137__description\" data-required=\"false\" aria-required=\"false\" \/><span class=\"forminator-checkbox-box\" aria-hidden=\"true\"><\/span><\/label><div id=\"forminator-field-consent-3_69fdf528d3137__description\" class=\"forminator-checkbox__label forminator-consent__label\"><p style=\"line-height: 1.0\">Quiero recibir informaci\u00f3n de inter\u00e9s y otras <a href=\"https:\/\/maisenerxia.com\/politica-de-privacidad\/\">ofertas comerciales<\/a>.<\/p><\/div><\/div><\/div><\/div><\/div><div class=\"forminator-row\"><div id=\"html-1\" class=\"forminator-field-html forminator-col forminator-col-12 \"><div class=\"forminator-field forminator-merge-tags\" data-field=\"html-1\"><p style=\"line-height: 1.1;font-size: 0.8em;margin-bottom: 0.5em;text-align: justify\"><b>Responsable de tratamiento<\/b>: Sus datos ser\u00e1n tratados por ENERXIA GALEGA MAIS, S.L. con domicilio social en Vilar 7, 27790 - Barreiros (Lugo).&nbsp;<strong>Finalidad y legitimaci\u00f3n<\/strong>: Sus datos ser\u00e1n tratados para la realizaci\u00f3n de los tr\u00e1mites previos a la contrataci\u00f3n del servicio, y en caso de aceptar las condiciones del mismo, para formalizar el contrato de suministro, con base legal en el consentimiento expreso.&nbsp;<strong>Cesiones<\/strong>: no ser\u00e1n cedidos a terceros salvo obligaci\u00f3n legal.&nbsp;<strong>Plazo<\/strong>: Sus datos ser\u00e1n tratados el tiempo estrictamente necesario para el cumplimiento de la finalidad o finalidades concretas que motivaron su recogida, hasta la p\u00e9rdida de relevancia de su uso o, en todo caso, hasta que sean cancelados en respuesta al ejercicio por parte de su titular de los derechos correspondientes.&nbsp;<strong>Derechos<\/strong>: Le informamos que puede ejercer sus derechos de acceso, rectificaci\u00f3n, cancelaci\u00f3n y oposici\u00f3n al tratamiento de sus datos a trav\u00e9s de este formulario de contacto o dirigi\u00e9ndose a la siguiente direcci\u00f3n de correo electr\u00f3nico: lopddereitos@maisenerxia.com, o tambi\u00e9n por escrito, adjuntando una copia de un documento acreditativo de su identidad a la direcci\u00f3n: Doctor Cadaval 3, 2\u00ba 36202 - Vigo (Pontevedra).&nbsp;<strong>Informaci\u00f3n adicional<\/strong>: Puede consultar la informaci\u00f3n adicional y detallada sobre Protecci\u00f3n de datos en nuestra&nbsp;<a href=\"https:\/\/maisenerxia.com\/politica-de-privacidad\"><strong>Pol\u00edtica de Privacidad<\/strong>.<\/a><\/p><\/div><\/div><\/div><div class=\"forminator-row\" style=\"margin: 0;\"><div id=\"captcha-1\" class=\"forminator-field-captcha  forminator-col-12 \"><div class=\"forminator-captcha-left forminator-g-recaptcha recaptcha-invisible\" data-theme=\"light\" data-badge=\"bottomleft\" data-sitekey=\"6LdOJTorAAAAADEbGq7Jd5msUZxEwVPyGnQsbEQL\" data-size=\"invisible\"><\/div> <\/div><\/div><input type=\"hidden\" name=\"referer_url\" value=\"\" \/><div class=\"forminator-row forminator-row-last\"><div class=\"forminator-col\"><div class=\"forminator-field\"><button class=\"forminator-button forminator-button-submit\"><span>Enviar<\/span><span aria-hidden=\"true\"><\/span><\/button><\/div><\/div><\/div><input type=\"hidden\" id=\"forminator_nonce\" name=\"forminator_nonce\" value=\"fd486eb3fa\" \/><input type=\"hidden\" name=\"_wp_http_referer\" value=\"\/gl\/wp-json\/wp\/v2\/pages\/7617\" \/><input type=\"hidden\" name=\"form_id\" value=\"12285\"><input type=\"hidden\" name=\"page_id\" value=\"7617\"><input type=\"hidden\" name=\"form_type\" value=\"default\"><input type=\"hidden\" name=\"current_url\" value=\"https:\/\/maisenerxia.com\/gl\/empresas\/traballa-como-colaborador\/\"><input type=\"hidden\" name=\"render_id\" value=\"0\"><input type=\"hidden\" name=\"action\" value=\"forminator_submit_form_custom-forms\"><label for=\"input_8\" class=\"forminator-hidden\" aria-hidden=\"true\">Please do not fill in this field. <input id=\"input_8\" type=\"text\" name=\"input_8\" value=\"\" autocomplete=\"off\"><\/label><\/form>[\/vc_column_text]<span class=\"et-gap et-clearfix et-gap-32043\"><\/span>[\/vc_column][\/vc_row][vc_row full_width=&#8221;stretch_row_content&#8221; disable_element=&#8221;yes&#8221; element_id=&#8221;721889&#8243; grid_overlay=&#8221;white&#8221; css=&#8221;.vc_custom_1747224059313{padding-right: 12% !important;padding-left: 12% !important;}&#8221;][vc_column animation_delay=&#8221;0&#8243; text_align=&#8221;center&#8221; element_id=&#8221;985469&#8243; crp=&#8221;374:i:i,375-767:i:i,768-1023:i:i,1024-1279:i:i,1280-1599:i:i,1600-1919:i:i&#8221; offset=&#8221;vc_hidden-sm vc_hidden-xs&#8221;][vc_column_text animation_delay=&#8221;0&#8243;]<p class=\"wpcf7-contact-form-not-found\"><strong>Erro:<\/strong> Formulario de contacto non atopado.<\/p>[\/vc_column_text]<span class=\"et-gap et-clearfix et-gap-32043\"><\/span>[\/vc_column][\/vc_row][vc_row full_width=&#8221;stretch_row_content&#8221; disable_element=&#8221;yes&#8221; element_id=&#8221;790215&#8243; grid_overlay=&#8221;white&#8221; css=&#8221;.vc_custom_1747234066022{padding-right: 12% !important;padding-left: 12% !important;}&#8221;][vc_column animation_delay=&#8221;0&#8243; text_align=&#8221;left&#8221; element_id=&#8221;532475&#8243; crp=&#8221;374:i:i,375-767:i:i,768-1023:i:i,1024-1279:i:i,1280-1599:i:i,1600-1919:i:i&#8221; offset=&#8221;vc_hidden-lg vc_hidden-md&#8221;][vc_column_text animation_delay=&#8221;0&#8243;]<p class=\"wpcf7-contact-form-not-found\"><strong>Erro:<\/strong> Formulario de contacto non atopado.<\/p>[\/vc_column_text]<span class=\"et-gap et-clearfix et-gap-32043\"><\/span>[\/vc_column][\/vc_row][\/vc_section]\n<\/div>","protected":false},"excerpt":{"rendered":"<p>[vc_row gap=&#8221;0&#8243; content_placement=&#8221;bottom&#8221; element_id=&#8221;269379&#8243; element_css=&#8221;.vc-row-269379 .parallax-container {background-image:url(https:\/\/maisenerxia.com\/wp-content\/uploads\/Exterior-Empresa.jpg);}&#8221; parallax=&#8221;true&#8221; css=&#8221;.vc_custom_1707488536180{padding-top: 20% !important;padding-bottom: 10% !important;background-position: center;background-repeat: no-repeat !important;background-size: cover !important;}&#8221; parallax_image=&#8221;6485&#8243;][vc_column animation_delay=&#8221;0&#8243; width=&#8221;1\/2&#8243; element_id=&#8221;392487&#8243; offset=&#8221;vc_col-lg-6 vc_col-md-6 vc_col-xs-6&#8243; crp=&#8221;374:i:i,375-767:i:i,768-1023:i:i,1024-1279:i:i,1280-1599:i:i,1600-1919:i:i&#8221;][\/vc_column][vc_column width=&#8221;1\/2&#8243;][\/vc_column][\/vc_row][vc_row full_width=&#8221;stretch_row_content&#8221; element_id=&#8221;331575&#8243;][vc_column][\/vc_column][\/vc_row][vc_section][vc_row element_id=&#8221;773277&#8243; css=&#8221;.vc_custom_1706022208139{padding-top: 50px !important;}&#8221;][vc_column][vc_column_text animation_delay=&#8221;0&#8243; css=&#8221;.vc_custom_1706022340541{padding-top: 15px !important;}&#8221;] Convid\u00e1moste a explorar as posibilidades de ser colaborador comercial externo en M\u00e1is Enerx\u00eda Galega. Buscamos persoas proactivas e [&hellip;]<\/p>\n","protected":false},"author":1,"featured_media":0,"parent":7383,"menu_order":0,"comment_status":"closed","ping_status":"closed","template":"page-vc.php","meta":{"footnotes":""},"class_list":["post-7617","page","type-page","status-publish","hentry"],"_links":{"self":[{"href":"https:\/\/maisenerxia.com\/gl\/wp-json\/wp\/v2\/pages\/7617","targetHints":{"allow":["GET"]}}],"collection":[{"href":"https:\/\/maisenerxia.com\/gl\/wp-json\/wp\/v2\/pages"}],"about":[{"href":"https:\/\/maisenerxia.com\/gl\/wp-json\/wp\/v2\/types\/page"}],"author":[{"embeddable":true,"href":"https:\/\/maisenerxia.com\/gl\/wp-json\/wp\/v2\/users\/1"}],"replies":[{"embeddable":true,"href":"https:\/\/maisenerxia.com\/gl\/wp-json\/wp\/v2\/comments?post=7617"}],"version-history":[{"count":11,"href":"https:\/\/maisenerxia.com\/gl\/wp-json\/wp\/v2\/pages\/7617\/revisions"}],"predecessor-version":[{"id":12316,"href":"https:\/\/maisenerxia.com\/gl\/wp-json\/wp\/v2\/pages\/7617\/revisions\/12316"}],"up":[{"embeddable":true,"href":"https:\/\/maisenerxia.com\/gl\/wp-json\/wp\/v2\/pages\/7383"}],"wp:attachment":[{"href":"https:\/\/maisenerxia.com\/gl\/wp-json\/wp\/v2\/media?parent=7617"}],"curies":[{"name":"wp","href":"https:\/\/api.w.org\/{rel}","templated":true}]}}